{"id":54,"date":"2017-06-06T09:00:16","date_gmt":"2017-06-06T09:00:16","guid":{"rendered":"http:\/\/spab-rice.com\/wordpress\/noha\/demo\/?page_id=46"},"modified":"2023-06-29T15:58:48","modified_gmt":"2023-06-29T15:58:48","slug":"association","status":"publish","type":"page","link":"https:\/\/jybe.fr\/en\/association\/","title":{"rendered":"L&#8217;association"},"content":{"rendered":"<div class=\"spacer spacer-big\"><\/div><div class=\"wrapper\"><div id=\"\" class=\"column-section clearfix spaced-normal  no-anim\"><div  class=\"column one-third   no-anim\" >\n\n<h5 class=\"title-alt align-auto\"><strong>L&#8217;histoire<\/strong><\/h5>\n\nTrois amis d&#8217;enfance, <strong>\u00c9milien, L\u00e9o and Lucas decide to prepare a 20-month adventure around the world\u00a0<\/strong>pour\u00a0comprendre\u00a0les probl\u00e9matiques sociales et environnementales et\u00a0apprendre\u00a0avec humilit\u00e9 des hommes et des femmes qui y font d\u00e9j\u00e0 face.\n\nL&#8217;exploration<strong> close to the actors of tomorrow's world<\/strong> a d\u00e9marr\u00e9 en octobre 2021. Le projet s\u2019articule autour de <a href=\"https:\/\/jybe.fr\/en\/notre-voilier\/\"><strong>Noddi,<\/strong><em>\u00a0<\/em>the sailboat<\/a> qui nous emm\u00e8ne autour du Monde \u00e0 la rencontre de l&#8217;Autre en toute frugalit\u00e9.\n<div class=\"spacer-medium\">Discover now, through our website and our social networks, <strong>the<\/strong> <strong>universal media gathering and broadcasting <\/strong>these innovative initiatives for a more sustainable society.<\/div>\n<\/div><div  class=\"column one-third   no-anim\" >\n\n<h5 class=\"title-alt align-auto\"><strong>The<\/strong> <strong>Challenges<\/strong><\/h5>\n<ul>\n \t<li><strong>Meet<\/strong> inspiring actors, in contact with the upheavals.<\/li>\n \t<li><strong>Learn<\/strong> of their enriching practical experiences.<\/li>\n \t<li><strong>Share<\/strong> these apprenticeships to spread more sustainable practices.<\/li>\n<\/ul>\n<\/div><div  class=\"column one-third last-col  no-anim\" >\n\n<h5 class=\"title-alt align-auto\"><strong>The<\/strong> <strong>Topics Covered<\/strong><\/h5>\n<ul>\n \t<li><a title=\"Agriculture in Martinique: Challenges and Perspectives\" href=\"https:\/\/jybe.fr\/en\/agriculture-en-martinique-enjeux-et-perspectives\/\" target=\"_blank\" rel=\"noopener\">L&#8217;agriculture en <strong>Martinique<\/strong> : Issues and Perspectives<\/a><\/li>\n \t<li><a href=\"https:\/\/www.youtube.com\/playlist?list=PL92hB53iwDIe03YA7L7GEf3wcpGTVu8Gt\" target=\"_blank\" rel=\"noopener\">The cultivation of specialty coffee in the heights of the <strong>Costa Rica<\/strong><\/a><\/li>\n \t<li><a href=\"https:\/\/jybe.fr\/en\/nouvelle-caledonie\/\">The mix of cultures in <strong>New Caledonia<\/strong>, their interactions and transmissions<\/a><\/li>\n<\/ul>\n<\/div><\/div><\/div><div class=\"spacer spacer-big\"><\/div><div class=\"wrapper\"><div id=\"\" class=\"column-section clearfix spaced-big  no-anim\"><div  class=\"column one-fourth   no-anim\" >\n\n<h5 class=\"title-alt align-auto\"><strong>The co-founders<\/strong><\/h5>\n\n<\/div><div  class=\"column one-fourth   no-anim\" ><div class=\"team-member\"><div class=\"team-pic do-anim-modern\"><img decoding=\"async\" src=\"https:\/\/jybe.fr\/wp-content\/uploads\/2021\/06\/emilien.jpg\" alt=\"Emilien Pierron\"><\/div><div class=\"team-infos\"><h4 class=\"team-name h4 align-left\">Emilien Pierron<\/h4><h5 class=\"team-role h5 align-left\">President<\/h5><ul class=\"socialmedia-widget align-left\"><li class=\"linkedin\"><a href=\"https:\/\/www.linkedin.com\/in\/emilienpierron\/\" target=\"_blank\"><\/a><\/li><li class=\"mail\"><a href=\"mailto:emilien@jybe.fr\" target=\"_blank\"><\/a><\/li><\/ul><\/div><\/div><\/div><div  class=\"column one-fourth   no-anim\" ><div class=\"team-member\"><div class=\"team-pic do-anim-modern\"><img decoding=\"async\" src=\"https:\/\/jybe.fr\/wp-content\/uploads\/2021\/06\/lucas.jpg\" alt=\"Lucas Nicolas\"><\/div><div class=\"team-infos\"><h4 class=\"team-name h4 null\">Lucas Nicolas<\/h4><h5 class=\"team-role h5 null\">Vice-President<\/h5><ul class=\"socialmedia-widget null\"><li class=\"linkedin\"><a href=\"https:\/\/www.linkedin.com\/in\/lucas-nicolas-6399bb128\/\" target=\"_blank\"><\/a><\/li><li class=\"mail\"><a href=\"mailto:lucas@jybe.fr\" target=\"_blank\"><\/a><\/li><\/ul><\/div><\/div><\/div><div  class=\"column one-fourth last-col  no-anim\" ><div class=\"team-member\"><div class=\"team-pic do-anim-modern\"><img decoding=\"async\" src=\"https:\/\/jybe.fr\/wp-content\/uploads\/2021\/06\/leo.jpg\" alt=\"L\u00e9o Carpentier\"><\/div><div class=\"team-infos\"><h4 class=\"team-name h4 null\">L\u00e9o Carpentier<\/h4><h5 class=\"team-role h5 null\">Secretary<\/h5><ul class=\"socialmedia-widget null\"><li class=\"linkedin\"><a href=\"https:\/\/www.linkedin.com\/in\/l%C3%A9o-carpentier-2bab23155\/\" target=\"_blank\"><\/a><\/li><li class=\"mail\"><a href=\"mailto:leo@jybe.fr\" target=\"_blank\"><\/a><\/li><\/ul><\/div><\/div><\/div><\/div><\/div><div class=\"spacer spacer-big\"><\/div><div class=\"wrapper\"><div id=\"\" class=\"column-section clearfix spaced-big  no-anim\"><div  class=\"column one-fourth   no-anim\" >\n\n<h5 class=\"title-alt align-auto\"><strong>L&#8217;\u00e9quipe<\/strong><\/h5>\n\n<\/div><div  class=\"column one-fourth   no-anim\" ><div class=\"team-member\"><div class=\"team-pic do-anim-modern\"><img decoding=\"async\" src=\"https:\/\/jybe.fr\/wp-content\/uploads\/2021\/06\/nathanael.jpg\" alt=\"Nathana\u00ebl Minet\"><\/div><div class=\"team-infos\"><h4 class=\"team-name h4 null\">Nathana\u00ebl Minet<\/h4><h5 class=\"team-role h5 null\">Image &amp; Sound Technician<\/h5><ul class=\"socialmedia-widget null\"><li class=\"linkedin\"><a href=\"https:\/\/www.linkedin.com\/in\/nathana%C3%ABl-minet-a82252193\/\" target=\"_blank\"><\/a><\/li><li class=\"mail\"><a href=\"mailto:nathanael@jybe.fr\" target=\"_blank\"><\/a><\/li><\/ul><\/div><\/div><\/div><div  class=\"column one-fourth   no-anim\" ><div class=\"team-member\"><div class=\"team-pic do-anim-modern\"><img decoding=\"async\" src=\"https:\/\/jybe.fr\/wp-content\/uploads\/2021\/06\/jessica.jpg\" alt=\"Jessica Torres\"><\/div><div class=\"team-infos\"><h4 class=\"team-name h4 null\">Jessica Torres<\/h4><h5 class=\"team-role h5 null\">Translator<\/h5><ul class=\"socialmedia-widget null\"><li class=\"linkedin\"><a href=\"https:\/\/www.linkedin.com\/in\/jeancatogo\/\" target=\"_blank\"><\/a><\/li><li class=\"mail\"><a href=\"mailto:jessica@jybe.fr\" target=\"_blank\"><\/a><\/li><\/ul><\/div><\/div><\/div><div  class=\"column one-fourth last-col  no-anim\" ><div class=\"team-member\"><div class=\"team-pic do-anim-modern\"><img decoding=\"async\" src=\"https:\/\/jybe.fr\/wp-content\/uploads\/2022\/08\/Lenny-Nicolas-Association-Jybe.jpg\" alt=\"Lenny Nicolas\"><\/div><div class=\"team-infos\"><h4 class=\"team-name h4 align-left\">Lenny Nicolas<\/h4><h5 class=\"team-role h5 align-left\">French Editorialist<\/h5><ul class=\"socialmedia-widget align-left\"><li class=\"facebook\"><a href=\"https:\/\/www.facebook.com\/lennynicolas.hdv\" target=\"_blank\"><\/a><\/li><li class=\"instagram\"><a href=\"https:\/\/www.instagram.com\/lennynicolas.hdv\/\" target=\"_blank\"><\/a><\/li><li class=\"linkedin\"><a href=\"https:\/\/www.linkedin.com\/in\/lenny-nicolas-594b69221\/\" target=\"_blank\"><\/a><\/li><li class=\"url\"><a href=\"https:\/\/jybe.fr\/en\/haut-de-vague\/\" target=\"_blank\"><\/a><\/li><li class=\"mail\"><a href=\"mailto:lenny@jybe.fr\" target=\"_blank\"><\/a><\/li><\/ul><\/div><\/div><\/div><\/div><\/div><div class=\"spacer spacer-big\"><\/div><div class=\"wrapper\"><div id=\"\" class=\"column-section clearfix spaced-big  no-anim\"><div  class=\"column one-fourth   no-anim\" ><\/div><div  class=\"column one-fourth   no-anim\" ><div class=\"team-member\"><div class=\"team-pic do-anim-modern\"><img decoding=\"async\" src=\"https:\/\/jybe.fr\/wp-content\/uploads\/2022\/08\/Laura-MILLIET-JYBE-.jpg\" alt=\"Laura Milliet\"><\/div><div class=\"team-infos\"><h4 class=\"team-name h4 null\">Laura Milliet<\/h4><h5 class=\"team-role h5 null\">General engineer in agriculture and agronomy<\/h5><ul class=\"socialmedia-widget null\"><li class=\"instagram\"><a href=\"https:\/\/www.instagram.com\/terredemains\/\" target=\"_blank\"><\/a><\/li><li class=\"linkedin\"><a href=\"https:\/\/www.linkedin.com\/in\/laura-milliet\/\" target=\"_blank\"><\/a><\/li><li class=\"mail\"><a href=\"mailto:laura@jybe.fr\" target=\"_blank\"><\/a><\/li><\/ul><\/div><\/div><\/div><div  class=\"column one-fourth   no-anim\" ><div class=\"team-member\"><div class=\"team-pic do-anim-modern\"><img decoding=\"async\" src=\"https:\/\/jybe.fr\/wp-content\/uploads\/2022\/09\/IMG_0526-scaled.jpg\" alt=\"Nicolas Chamorro\"><\/div><div class=\"team-infos\"><h4 class=\"team-name h4 align-left\">Nicolas Chamorro<\/h4><h5 class=\"team-role h5 align-left\">Composer - Pianist<\/h5><ul class=\"socialmedia-widget align-left\"><li class=\"mail\"><a href=\"mailto:nicolas@jybe.fr\" target=\"_blank\"><\/a><\/li><\/ul><\/div><\/div><\/div><div  class=\"column one-fourth last-col  no-anim\" ><div class=\"team-member\"><div class=\"team-pic do-anim-modern\"><img decoding=\"async\" src=\"https:\/\/jybe.fr\/wp-content\/uploads\/2022\/10\/maud-jybe.jpg\" alt=\"Maud Piquemal\"><\/div><div class=\"team-infos\"><h4 class=\"team-name h4 null\">Maud Piquemal<\/h4><h5 class=\"team-role h5 null\">Event Coordinator<\/h5><ul class=\"socialmedia-widget null\"><li class=\"linkedin\"><a href=\"https:\/\/www.linkedin.com\/in\/maud-piquemal\/\" target=\"_blank\"><\/a><\/li><li class=\"mail\"><a href=\"mailto:maud@jybe.fr\" target=\"_blank\"><\/a><\/li><\/ul><\/div><\/div><\/div><\/div><\/div><div class=\"spacer spacer-big\"><\/div><div class=\"wrapper\"><div id=\"carte\" class=\"column-section clearfix spaced-normal  no-anim\"><div  class=\"column one-full last-col  no-anim\" >\n<h2 style=\"text-align: center;\">Our current position<\/h2>\n<div class=\"spacer spacer-small\"><\/div>\n\n\n<div class=\"wp-block-button has-custom-width wp-block-button__width-100 has-custom-font-size is-style-outline has-small-font-size is-style-outline--1\" style=\"text-align: center;\"><a class=\"wp-block-button__link has-black-color has-text-color wp-element-button\" href=\"https:\/\/www.marinetraffic.com\/en\/ais\/embed\/zoom:2\/maptype:1\/shownames:false\/mmsi:228027720\/shipid:0\/fleet:\/fleet_id:\/vtypes:\/showmenu:\/remember:false\" target=\"_blank\" rel=\"noopener\"><strong>D\u00e9couvrez la position du voilier en direct<\/strong><\/a><\/div>\n\n\n<\/div><\/div><\/div><div class=\"spacer spacer-big\"><\/div><div  class=\"fullwidth-section text-light\" style=\"background-color:#000000\"><div class=\"fullwidth-content\" style=\"padding-top:100px;padding-bottom:100px;\"><div class=\"wrapper\"><div id=\"\" class=\"column-section clearfix spaced-normal  no-anim\"><div  class=\"column one-full last-col  no-anim\" >\n<h3 style=\"text-align: center;\">We move forward with partners who believe in us.<\/h3>\n<\/div><\/div><\/div><div class=\"spacer spacer-big\"><\/div><div class=\"wrapper\"><div id=\"\" class=\"column-section clearfix spaced-normal  do-anim\"><div  class=\"column one-full last-col  no-anim\" >\n<table>\n<tbody>\n<tr>\n<td><a href=\"https:\/\/www.centrale-marseille.fr\/\" target=\"_blank\" rel=\"noopener\"><img loading=\"lazy\" decoding=\"async\" class=\"wp-image-440 size-full aligncenter\" src=\"https:\/\/jybe.fr\/wp-content\/uploads\/2021\/06\/centrale-logo-blanc-jybe.png\" alt=\"\" width=\"250\" height=\"150\" \/><\/a><\/td>\n<td><a href=\"https:\/\/www.digital-campus.fr\/ecole\/montpellier\" target=\"_blank\" rel=\"noopener\"><img loading=\"lazy\" decoding=\"async\" class=\"aligncenter wp-image-384 size-full\" src=\"https:\/\/jybe.fr\/wp-content\/uploads\/2021\/06\/digital-campus-logo-jybe.png\" alt=\"\" width=\"250\" height=\"150\" \/><\/a><\/td>\n<td><a href=\"https:\/\/www.icam.fr\/nos-campus\/icam-toulouse\/\" target=\"_blank\" rel=\"noopener\"><img loading=\"lazy\" decoding=\"async\" class=\"aligncenter wp-image-382 size-full\" src=\"https:\/\/jybe.fr\/wp-content\/uploads\/2021\/06\/icam-logo-jybe.png\" alt=\"\" width=\"250\" height=\"150\" \/><\/a><\/td>\n<\/tr>\n<tr>\n<td><a href=\"https:\/\/www.pepite-france.fr\/\" target=\"_blank\" rel=\"noopener\"><img loading=\"lazy\" decoding=\"async\" class=\"aligncenter wp-image-441 size-full\" src=\"https:\/\/jybe.fr\/wp-content\/uploads\/2021\/06\/pepite-logo-blanc-jybe.png\" alt=\"\" width=\"250\" height=\"150\" \/><\/a><\/td>\n<td><a href=\"https:\/\/entrepreneurspourlaplanete.org\/projets\/region-sud\/the-epicurious\/\" target=\"_blank\" rel=\"noopener\"><img loading=\"lazy\" decoding=\"async\" class=\"aligncenter wp-image-439 size-full\" src=\"https:\/\/jybe.fr\/wp-content\/uploads\/2021\/06\/eplp-logo-blanc-jybe.png\" alt=\"\" width=\"250\" height=\"150\" \/><\/a><\/td>\n<td><a href=\"http:\/\/www.tariquet.com\" target=\"_blank\" rel=\"noopener\"><img loading=\"lazy\" decoding=\"async\" class=\"aligncenter wp-image-949 size-medium\" src=\"https:\/\/jybe.fr\/wp-content\/uploads\/2021\/10\/LOGO-TARIQUET-BLANC.svg\" alt=\"\" width=\"300\" height=\"300\" \/><\/a><\/td>\n<\/tr>\n<tr>\n<td><a href=\"https:\/\/www.julbo.com\/en_us\/\" target=\"_blank\" rel=\"noopener\"><img loading=\"lazy\" decoding=\"async\" class=\"aligncenter wp-image-717 size-medium\" src=\"https:\/\/jybe.fr\/wp-content\/uploads\/2021\/08\/logo_julbo_blanc-300x108.png\" alt=\"\" width=\"300\" height=\"108\" srcset=\"https:\/\/jybe.fr\/wp-content\/uploads\/2021\/08\/logo_julbo_blanc-300x108.png 300w, https:\/\/jybe.fr\/wp-content\/uploads\/2021\/08\/logo_julbo_blanc.png 417w\" sizes=\"auto, (max-width: 300px) 100vw, 300px\" \/><\/a><\/td>\n<td><a href=\"https:\/\/lowtechlab.org\/fr\" target=\"_blank\" rel=\"noopener\"><img loading=\"lazy\" decoding=\"async\" class=\"aligncenter wp-image-718 size-full\" src=\"https:\/\/jybe.fr\/wp-content\/uploads\/2021\/08\/Logo-LTExplorer-blanc.png\" alt=\"\" width=\"118\" height=\"118\" srcset=\"https:\/\/jybe.fr\/wp-content\/uploads\/2021\/08\/Logo-LTExplorer-blanc.png 118w, https:\/\/jybe.fr\/wp-content\/uploads\/2021\/08\/Logo-LTExplorer-blanc-24x24.png 24w, https:\/\/jybe.fr\/wp-content\/uploads\/2021\/08\/Logo-LTExplorer-blanc-48x48.png 48w, https:\/\/jybe.fr\/wp-content\/uploads\/2021\/08\/Logo-LTExplorer-blanc-96x96.png 96w\" sizes=\"auto, (max-width: 118px) 100vw, 118px\" \/><\/a><\/td>\n<td style=\"text-align: center;\"><a href=\"https:\/\/www.chapkadirect.fr\/?app=cd_opefr&amp;tracking=partenariat_jybe\" target=\"_blank\" rel=\"noopener\"><img loading=\"lazy\" decoding=\"async\" class=\"aligncenter wp-image-783 size-thumbnail\" src=\"https:\/\/jybe.fr\/wp-content\/uploads\/2021\/08\/CHAPKA_LOGO_BLANC_03-150x150.png\" alt=\"logo chapka assurance jybe\" width=\"150\" height=\"150\" srcset=\"https:\/\/jybe.fr\/wp-content\/uploads\/2021\/08\/CHAPKA_LOGO_BLANC_03-150x150.png 150w, https:\/\/jybe.fr\/wp-content\/uploads\/2021\/08\/CHAPKA_LOGO_BLANC_03-300x300.png 300w, https:\/\/jybe.fr\/wp-content\/uploads\/2021\/08\/CHAPKA_LOGO_BLANC_03-1024x1024.png 1024w, https:\/\/jybe.fr\/wp-content\/uploads\/2021\/08\/CHAPKA_LOGO_BLANC_03-768x768.png 768w, https:\/\/jybe.fr\/wp-content\/uploads\/2021\/08\/CHAPKA_LOGO_BLANC_03-1536x1536.png 1536w, https:\/\/jybe.fr\/wp-content\/uploads\/2021\/08\/CHAPKA_LOGO_BLANC_03-640x640.png 640w, https:\/\/jybe.fr\/wp-content\/uploads\/2021\/08\/CHAPKA_LOGO_BLANC_03-960x960.png 960w, https:\/\/jybe.fr\/wp-content\/uploads\/2021\/08\/CHAPKA_LOGO_BLANC_03-1280x1280.png 1280w, https:\/\/jybe.fr\/wp-content\/uploads\/2021\/08\/CHAPKA_LOGO_BLANC_03-1680x1680.png 1680w, https:\/\/jybe.fr\/wp-content\/uploads\/2021\/08\/CHAPKA_LOGO_BLANC_03-24x24.png 24w, https:\/\/jybe.fr\/wp-content\/uploads\/2021\/08\/CHAPKA_LOGO_BLANC_03-48x48.png 48w, https:\/\/jybe.fr\/wp-content\/uploads\/2021\/08\/CHAPKA_LOGO_BLANC_03-96x96.png 96w, https:\/\/jybe.fr\/wp-content\/uploads\/2021\/08\/CHAPKA_LOGO_BLANC_03.png 1914w\" sizes=\"auto, (max-width: 150px) 100vw, 150px\" \/><\/a><\/td>\n<\/tr>\n<tr>\n<td style=\"text-align: center;\"><a href=\"https:\/\/gcft.fr\/\" target=\"_blank\" rel=\"noopener\"><img loading=\"lazy\" decoding=\"async\" class=\"aligncenter wp-image-783\" src=\"https:\/\/jybe.fr\/wp-content\/uploads\/2022\/08\/green-cross-partenaire-jybe-blanc.png\" alt=\"logo green cross partenaire jybe\" width=\"100\" height=\"100\" \/><\/a><\/td>\n<td><a href=\"http:\/\/chronicbuddy.org\" target=\"_blank\" rel=\"noopener\"><img loading=\"lazy\" decoding=\"async\" class=\"wp-image-831 size-thumbnail aligncenter\" src=\"https:\/\/jybe.fr\/wp-content\/uploads\/2021\/09\/Fond-transparent-blanc-150x150.png\" alt=\"\" width=\"150\" height=\"150\" srcset=\"https:\/\/jybe.fr\/wp-content\/uploads\/2021\/09\/Fond-transparent-blanc-150x150.png 150w, https:\/\/jybe.fr\/wp-content\/uploads\/2021\/09\/Fond-transparent-blanc-300x300.png 300w, https:\/\/jybe.fr\/wp-content\/uploads\/2021\/09\/Fond-transparent-blanc-24x24.png 24w, https:\/\/jybe.fr\/wp-content\/uploads\/2021\/09\/Fond-transparent-blanc-48x48.png 48w, https:\/\/jybe.fr\/wp-content\/uploads\/2021\/09\/Fond-transparent-blanc-96x96.png 96w, https:\/\/jybe.fr\/wp-content\/uploads\/2021\/09\/Fond-transparent-blanc.png 500w\" sizes=\"auto, (max-width: 150px) 100vw, 150px\" \/><\/a><\/td>\n<td style=\"text-align: center;\"><a href=\"https:\/\/www.facebook.com\/Asso.Ecohabitons\/\" target=\"_blank\" rel=\"noopener\"><img loading=\"lazy\" decoding=\"async\" class=\"aligncenter wp-image-780 size-thumbnail\" src=\"https:\/\/jybe.fr\/wp-content\/uploads\/2023\/03\/eco-habitons-det-light.png\" alt=\"logo eco-habitons association jybe\" width=\"150\" height=\"150\" \/><\/a><\/td>\n<\/tr>\n<\/tbody>\n<\/table>\n<\/div><\/div><\/div><div class=\"spacer spacer-big\"><\/div><div class=\"wrapper\"><div id=\"\" class=\"column-section clearfix spaced-normal  no-anim\"><div  class=\"column one-full last-col  no-anim\" >\n<h3 style=\"text-align: center;\">The support of our community plays a key role.<\/h3>\n<h5 style=\"text-align: center;\">You too can contribute to our <span style=\"text-decoration: underline;\"><a href=\"https:\/\/www.helloasso.com\/associations\/jybe\/formulaires\/1\" target=\"_blank\" rel=\"noopener\">association<\/a><\/span><\/h5>\n<\/div><\/div><\/div><div class=\"spacer spacer-big\"><\/div><div class=\"wrapper\"><div id=\"\" class=\"column-section clearfix spaced-normal  do-anim\"><div  class=\"column one-full last-col  no-anim\" >\n<table>\n<tbody>\n<tr>\n<td>Alain<\/td>\n<td>Annie<\/td>\n<td>Anthony<\/td>\n<td>Anthony<\/td>\n<\/tr>\n<tr>\n<td>Arnaud<\/td>\n<td>Aude<\/td>\n<td>Catherine<\/td>\n<td>Chantal<\/td>\n<\/tr>\n<tr>\n<td>Chantal<\/td>\n<td>Chlo\u00e9<\/td>\n<td>Christian<\/td>\n<td>Christophe<\/td>\n<\/tr>\n<tr>\n<td>Claire<\/td>\n<td>Claude<\/td>\n<td>Damien<\/td>\n<td>Daniel<\/td>\n<\/tr>\n<tr>\n<td>Dimitri<\/td>\n<td>Fabienne<\/td>\n<td>Fanny<\/td>\n<td>Florian<\/td>\n<\/tr>\n<tr>\n<td>Florian<\/td>\n<td>Fran\u00e7ois<\/td>\n<td>Fran\u00e7oise<\/td>\n<td>Genevieve<\/td>\n<\/tr>\n<tr>\n<td>Isabelle<\/td>\n<td>Isabelle<\/td>\n<td>Jacques<\/td>\n<td>Jean-Marc<\/td>\n<\/tr>\n<tr>\n<td>Jeanne-Marie<\/td>\n<td>J\u00e9rome<\/td>\n<td>Josette<\/td>\n<td>Julien<\/td>\n<\/tr>\n<tr>\n<td>Kinou<\/td>\n<td>Lauriane<\/td>\n<td>Lina<\/td>\n<td>Ma\u00ebl<\/td>\n<\/tr>\n<tr>\n<td>Marie<\/td>\n<td>Marie<\/td>\n<td>Marylise<\/td>\n<td>Mathias<\/td>\n<\/tr>\n<tr>\n<td>Mathilde<\/td>\n<td>Monique<\/td>\n<td>Nathalie<\/td>\n<td>Nicolas<\/td>\n<\/tr>\n<tr>\n<td>Nicolas<\/td>\n<td>Nicolas<\/td>\n<td>Nicole<\/td>\n<td>Olivier<\/td>\n<\/tr>\n<tr>\n<td>Pascal<\/td>\n<td>Paul<\/td>\n<td>Phil<\/td>\n<td>Pierre-St\u00e9phane<\/td>\n<\/tr>\n<tr>\n<td>Raphaele<\/td>\n<td>Richard<\/td>\n<td>Roger<\/td>\n<td>Roxane<\/td>\n<\/tr>\n<tr>\n<td>Samuel<\/td>\n<td>Sandrine<\/td>\n<td>S\u00e9bastien<\/td>\n<td>Serge<\/td>\n<\/tr>\n<tr>\n<td>Simone<\/td>\n<td>St\u00e9phanie<\/td>\n<td>Th\u00e9o<\/td>\n<td>Thierry<\/td>\n<\/tr>\n<tr>\n<td>Valentin<\/td>\n<td>Marie-Pierre<\/td>\n<td><\/td>\n<td><\/td>\n<\/tr>\n<\/tbody>\n<\/table>\n<div class=\"spacer spacer-medium\"><\/div>\n<p style=\"text-align: center;\"><a href=\"https:\/\/www.helloasso.com\/associations\/jybe\/collectes\/continuons-ensemble-cette-aventure-autour-du-monde\" class=\"sr-button style-2 button-medium\" target=\"_blank\">Add my name<\/a><\/p>\n<\/div><\/div><\/div><\/div><\/div><div class=\"spacer spacer-big\"><\/div>","protected":false},"excerpt":{"rendered":"","protected":false},"author":1,"featured_media":0,"parent":0,"menu_order":0,"comment_status":"closed","ping_status":"closed","template":"","meta":{"inline_featured_image":false,"footnotes":""},"class_list":["post-54","page","type-page","status-publish","hentry","isotope-item"],"aioseo_notices":[],"_links":{"self":[{"href":"https:\/\/jybe.fr\/en\/wp-json\/wp\/v2\/pages\/54","targetHints":{"allow":["GET"]}}],"collection":[{"href":"https:\/\/jybe.fr\/en\/wp-json\/wp\/v2\/pages"}],"about":[{"href":"https:\/\/jybe.fr\/en\/wp-json\/wp\/v2\/types\/page"}],"author":[{"embeddable":true,"href":"https:\/\/jybe.fr\/en\/wp-json\/wp\/v2\/users\/1"}],"replies":[{"embeddable":true,"href":"https:\/\/jybe.fr\/en\/wp-json\/wp\/v2\/comments?post=54"}],"version-history":[{"count":84,"href":"https:\/\/jybe.fr\/en\/wp-json\/wp\/v2\/pages\/54\/revisions"}],"predecessor-version":[{"id":2965,"href":"https:\/\/jybe.fr\/en\/wp-json\/wp\/v2\/pages\/54\/revisions\/2965"}],"wp:attachment":[{"href":"https:\/\/jybe.fr\/en\/wp-json\/wp\/v2\/media?parent=54"}],"curies":[{"name":"wp","href":"https:\/\/api.w.org\/{rel}","templated":true}]}}