{"id":2349,"date":"2022-10-25T06:38:27","date_gmt":"2022-10-25T06:38:27","guid":{"rendered":"https:\/\/jybe.fr\/?page_id=2349"},"modified":"2022-10-28T05:12:44","modified_gmt":"2022-10-28T05:12:44","slug":"suva","status":"publish","type":"page","link":"https:\/\/jybe.fr\/en\/suva\/","title":{"rendered":"Suva"},"content":{"rendered":"<div class=\"wp-block-columns is-layout-flex wp-container-core-columns-is-layout-9d6595d7 wp-block-columns-is-layout-flex\">\n<div class=\"wp-block-column is-layout-flow wp-block-column-is-layout-flow\">\n<p class=\"has-drop-cap\">S &#8216;il y a bien une escale qui n&#8217;\u00e9tait pas pr\u00e9vue, <strong>c&#8217;est celle-l\u00e0 !<\/strong> Notre d\u00e9part de <a href=\"https:\/\/jybe.fr\/en\/raiatea\/\" target=\"_blank\" rel=\"noopener\" title=\"Raiatea\">Raiatea<\/a> a laiss\u00e9 place \u00e0 une longue navigation en direction de Lifou. Cependant, en cours de navigation, des intemp\u00e9ries sont venues faire \u00e9clater de nombreux points de faiblesses du <a href=\"https:\/\/jybe.fr\/en\/notre-voilier\/\" target=\"_blank\" rel=\"noopener\" title=\"Our sailboat \u201cNoddi\u201c\">Noddi<\/a>. Dans le lot : le chargeur solaire qui fournit l&#8217;\u00e9lectricit\u00e9 indispensable au frigo permettant la conservation des insulines de Lucas.<\/p>\n\n\n\n<div style=\"height:40px\" aria-hidden=\"true\" class=\"wp-block-spacer\"><\/div>\n\n\n\n<h2 class=\"wp-block-heading\">La travers\u00e9e<\/h2>\n\n\n\n<p>Dans cette situation, nous devons allumer le moteur pour g\u00e9n\u00e9rer l\u2019\u00e9lectricit\u00e9 n\u00e9cessaire. Cependant, nos ressources en carburant ne sont pas illimit\u00e9es et <strong>nous sommes encore loin de la Nouvelle-Cal\u00e9donie.<\/strong> Nous devrons donc nous arr\u00eater dans les \u00eeles Fidji pour faire un plein de diesel. Un arr\u00eat improbable ,avec son lot de p\u00e9rip\u00e9ties, que vous raconte L\u00e9o dans <a href=\"https:\/\/jybe.fr\/en\/carnet-dexpedition\/\" target=\"_blank\" rel=\"noopener\" title=\"Travel notebook\">le carnet d\u2019exp\u00e9dition<\/a>.<\/p>\n\n\n\n<div style=\"height:30px\" aria-hidden=\"true\" class=\"wp-block-spacer\"><\/div>\n\n\n\n<div class=\"wp-block-media-text alignwide is-stacked-on-mobile\" style=\"grid-template-columns:30% auto\"><figure class=\"wp-block-media-text__media\"><a href=\"https:\/\/jybe.fr\/en\/transpacifique-partie-2-semaine-1\/\" target=\"_blank\" rel=\"noreferrer noopener\"><img loading=\"lazy\" decoding=\"async\" width=\"1024\" height=\"684\" src=\"https:\/\/jybe.fr\/wp-content\/uploads\/2022\/06\/CLO4302-1024x684.jpg\" alt=\"\" class=\"wp-image-1897 size-full\" srcset=\"https:\/\/jybe.fr\/wp-content\/uploads\/2022\/06\/CLO4302-1024x684.jpg 1024w, https:\/\/jybe.fr\/wp-content\/uploads\/2022\/06\/CLO4302-300x200.jpg 300w, https:\/\/jybe.fr\/wp-content\/uploads\/2022\/06\/CLO4302-768x513.jpg 768w, https:\/\/jybe.fr\/wp-content\/uploads\/2022\/06\/CLO4302-1536x1025.jpg 1536w, https:\/\/jybe.fr\/wp-content\/uploads\/2022\/06\/CLO4302-2048x1367.jpg 2048w, https:\/\/jybe.fr\/wp-content\/uploads\/2022\/06\/CLO4302-18x12.jpg 18w, https:\/\/jybe.fr\/wp-content\/uploads\/2022\/06\/CLO4302-640x427.jpg 640w, https:\/\/jybe.fr\/wp-content\/uploads\/2022\/06\/CLO4302-960x641.jpg 960w, https:\/\/jybe.fr\/wp-content\/uploads\/2022\/06\/CLO4302-1280x855.jpg 1280w, https:\/\/jybe.fr\/wp-content\/uploads\/2022\/06\/CLO4302-1680x1122.jpg 1680w\" sizes=\"auto, (max-width: 1024px) 100vw, 1024px\" \/><\/a><\/figure><div class=\"wp-block-media-text__content\">\n<p>Vous pouvez revivre la premi\u00e8re partie de cette navigation&nbsp;<strong>\u00e0 travers ce r\u00e9cit de L\u00e9o.<\/strong><\/p>\n\n\n\n<div style=\"height:40px\" aria-hidden=\"true\" class=\"wp-block-spacer\"><\/div>\n\n\n\n<div class=\"wp-block-buttons is-content-justification-center is-layout-flex wp-container-core-buttons-is-layout-16018d1d wp-block-buttons-is-layout-flex\">\n<div class=\"wp-block-button has-custom-width wp-block-button__width-75 is-style-outline is-style-outline--1\"><a class=\"wp-block-button__link\" href=\"https:\/\/jybe.fr\/en\/transpacifique-partie-2-semaine-1\/\">Lire<\/a><\/div>\n<\/div>\n<\/div><\/div>\n\n\n\n<div style=\"height:30px\" aria-hidden=\"true\" class=\"wp-block-spacer\"><\/div>\n\n\n\n<div class=\"wp-block-media-text alignwide is-stacked-on-mobile\" style=\"grid-template-columns:30% auto\"><figure class=\"wp-block-media-text__media\"><a href=\"https:\/\/jybe.fr\/en\/transpacifique-partie-2-semaine-2\/\" target=\"_blank\" rel=\"noreferrer noopener\"><img loading=\"lazy\" decoding=\"async\" width=\"1024\" height=\"684\" src=\"https:\/\/jybe.fr\/wp-content\/uploads\/2022\/07\/CLO2496-1024x684.jpg\" alt=\"\" class=\"wp-image-1902 size-full\" srcset=\"https:\/\/jybe.fr\/wp-content\/uploads\/2022\/07\/CLO2496-1024x684.jpg 1024w, https:\/\/jybe.fr\/wp-content\/uploads\/2022\/07\/CLO2496-300x200.jpg 300w, https:\/\/jybe.fr\/wp-content\/uploads\/2022\/07\/CLO2496-768x513.jpg 768w, https:\/\/jybe.fr\/wp-content\/uploads\/2022\/07\/CLO2496-1536x1025.jpg 1536w, https:\/\/jybe.fr\/wp-content\/uploads\/2022\/07\/CLO2496-2048x1367.jpg 2048w, https:\/\/jybe.fr\/wp-content\/uploads\/2022\/07\/CLO2496-18x12.jpg 18w, https:\/\/jybe.fr\/wp-content\/uploads\/2022\/07\/CLO2496-640x427.jpg 640w, https:\/\/jybe.fr\/wp-content\/uploads\/2022\/07\/CLO2496-960x641.jpg 960w, https:\/\/jybe.fr\/wp-content\/uploads\/2022\/07\/CLO2496-1280x855.jpg 1280w, https:\/\/jybe.fr\/wp-content\/uploads\/2022\/07\/CLO2496-1680x1122.jpg 1680w\" sizes=\"auto, (max-width: 1024px) 100vw, 1024px\" \/><\/a><\/figure><div class=\"wp-block-media-text__content\">\n<p>Vous pouvez revivre la deuxi\u00e8me partie de cette navigation&nbsp;<strong>\u00e0 travers ce r\u00e9cit de L\u00e9o.<\/strong><\/p>\n\n\n\n<div style=\"height:40px\" aria-hidden=\"true\" class=\"wp-block-spacer\"><\/div>\n\n\n\n<div class=\"wp-block-buttons is-content-justification-center is-layout-flex wp-container-core-buttons-is-layout-16018d1d wp-block-buttons-is-layout-flex\">\n<div class=\"wp-block-button has-custom-width wp-block-button__width-75 is-style-outline is-style-outline--2\"><a class=\"wp-block-button__link\" href=\"https:\/\/jybe.fr\/en\/transpacifique-partie-2-semaine-2\/\">Lire<\/a><\/div>\n<\/div>\n<\/div><\/div>\n<\/div>\n<\/div>\n\n\n\n<div style=\"height:30px\" aria-hidden=\"true\" class=\"wp-block-spacer\"><\/div>\n\n\n\n<h2 class=\"wp-block-heading\">L&#8217;escale<\/h2>\n\n\n\n<div style=\"height:20px\" aria-hidden=\"true\" class=\"wp-block-spacer\"><\/div>\n\n\n\n<div class=\"wp-block-media-text alignwide is-stacked-on-mobile\" style=\"grid-template-columns:30% auto\"><figure class=\"wp-block-media-text__media\"><a href=\"https:\/\/jybe.fr\/en\/une-escale-aux-fidji-inattendue-partie-1\/\" target=\"_blank\" rel=\"noreferrer noopener\"><img loading=\"lazy\" decoding=\"async\" width=\"1024\" height=\"684\" src=\"https:\/\/jybe.fr\/wp-content\/uploads\/2022\/07\/CLO4331-1024x684.jpg\" alt=\"\" class=\"wp-image-1890 size-full\" srcset=\"https:\/\/jybe.fr\/wp-content\/uploads\/2022\/07\/CLO4331-1024x684.jpg 1024w, https:\/\/jybe.fr\/wp-content\/uploads\/2022\/07\/CLO4331-300x200.jpg 300w, https:\/\/jybe.fr\/wp-content\/uploads\/2022\/07\/CLO4331-768x513.jpg 768w, https:\/\/jybe.fr\/wp-content\/uploads\/2022\/07\/CLO4331-1536x1026.jpg 1536w, https:\/\/jybe.fr\/wp-content\/uploads\/2022\/07\/CLO4331-2048x1368.jpg 2048w, https:\/\/jybe.fr\/wp-content\/uploads\/2022\/07\/CLO4331-18x12.jpg 18w, https:\/\/jybe.fr\/wp-content\/uploads\/2022\/07\/CLO4331-640x427.jpg 640w, https:\/\/jybe.fr\/wp-content\/uploads\/2022\/07\/CLO4331-960x641.jpg 960w, https:\/\/jybe.fr\/wp-content\/uploads\/2022\/07\/CLO4331-1280x855.jpg 1280w, https:\/\/jybe.fr\/wp-content\/uploads\/2022\/07\/CLO4331-1680x1122.jpg 1680w\" sizes=\"auto, (max-width: 1024px) 100vw, 1024px\" \/><\/a><\/figure><div class=\"wp-block-media-text__content\">\n<p>Vous pouvez revivre la premi\u00e8re partie de cette escale&nbsp;<strong>\u00e0 travers ce r\u00e9cit de L\u00e9o.<\/strong><\/p>\n\n\n\n<div style=\"height:40px\" aria-hidden=\"true\" class=\"wp-block-spacer\"><\/div>\n\n\n\n<div class=\"wp-block-buttons is-content-justification-center is-layout-flex wp-container-core-buttons-is-layout-16018d1d wp-block-buttons-is-layout-flex\">\n<div class=\"wp-block-button has-custom-width wp-block-button__width-75 is-style-outline is-style-outline--3\"><a class=\"wp-block-button__link\" href=\"https:\/\/jybe.fr\/en\/une-escale-aux-fidji-inattendue-partie-1\/\">Lire<\/a><\/div>\n<\/div>\n<\/div><\/div>\n\n\n\n<div style=\"height:30px\" aria-hidden=\"true\" class=\"wp-block-spacer\"><\/div>\n\n\n\n<div class=\"wp-block-media-text alignwide is-stacked-on-mobile\" style=\"grid-template-columns:30% auto\"><figure class=\"wp-block-media-text__media\"><a href=\"https:\/\/jybe.fr\/en\/une-escale-aux-fidji-inattendue-partie-2\/\" target=\"_blank\" rel=\"noreferrer noopener\"><img loading=\"lazy\" decoding=\"async\" width=\"1024\" height=\"768\" src=\"https:\/\/jybe.fr\/wp-content\/uploads\/2022\/08\/suva-jybe-1024x768.jpg\" alt=\"\" class=\"wp-image-1948 size-full\" srcset=\"https:\/\/jybe.fr\/wp-content\/uploads\/2022\/08\/suva-jybe-1024x768.jpg 1024w, https:\/\/jybe.fr\/wp-content\/uploads\/2022\/08\/suva-jybe-300x225.jpg 300w, https:\/\/jybe.fr\/wp-content\/uploads\/2022\/08\/suva-jybe-768x576.jpg 768w, https:\/\/jybe.fr\/wp-content\/uploads\/2022\/08\/suva-jybe-1536x1151.jpg 1536w, https:\/\/jybe.fr\/wp-content\/uploads\/2022\/08\/suva-jybe-16x12.jpg 16w, https:\/\/jybe.fr\/wp-content\/uploads\/2022\/08\/suva-jybe-640x480.jpg 640w, https:\/\/jybe.fr\/wp-content\/uploads\/2022\/08\/suva-jybe-960x720.jpg 960w, https:\/\/jybe.fr\/wp-content\/uploads\/2022\/08\/suva-jybe-1280x959.jpg 1280w, https:\/\/jybe.fr\/wp-content\/uploads\/2022\/08\/suva-jybe-1680x1259.jpg 1680w, https:\/\/jybe.fr\/wp-content\/uploads\/2022\/08\/suva-jybe.jpg 2048w\" sizes=\"auto, (max-width: 1024px) 100vw, 1024px\" \/><\/a><\/figure><div class=\"wp-block-media-text__content\">\n<p>Vous pouvez revivre la deuxi\u00e8me partie de cette escale&nbsp;<strong>\u00e0 travers ce r\u00e9cit de L\u00e9o.<\/strong><\/p>\n\n\n\n<div style=\"height:40px\" aria-hidden=\"true\" class=\"wp-block-spacer\"><\/div>\n\n\n\n<div class=\"wp-block-buttons is-content-justification-center is-layout-flex wp-container-core-buttons-is-layout-16018d1d wp-block-buttons-is-layout-flex\">\n<div class=\"wp-block-button has-custom-width wp-block-button__width-75 is-style-outline is-style-outline--4\"><a class=\"wp-block-button__link\" href=\"https:\/\/jybe.fr\/en\/une-escale-aux-fidji-inattendue-partie-2\/\">Lire<\/a><\/div>\n<\/div>\n<\/div><\/div>\n\n\n\n<p><\/p>\n\n\n\n<div style=\"height:30px\" aria-hidden=\"true\" class=\"wp-block-spacer\"><\/div>\n\n\n\n<div class=\"wp-block-columns is-layout-flex wp-container-core-columns-is-layout-9d6595d7 wp-block-columns-is-layout-flex\">\n<div class=\"wp-block-column is-layout-flow wp-block-column-is-layout-flow\"><\/div>\n<\/div>\n\n\n\n<div style=\"height:30px\" aria-hidden=\"true\" class=\"wp-block-spacer\"><\/div>\n\n\n\n<div class=\"wp-block-buttons is-content-justification-center is-layout-flex wp-container-core-buttons-is-layout-16018d1d wp-block-buttons-is-layout-flex\">\n<div class=\"wp-block-button has-custom-width wp-block-button__width-50 is-style-fill\"><a class=\"wp-block-button__link has-white-color has-text-color has-background\" href=\"https:\/\/jybe.fr\/en\/escales\/\" style=\"background:linear-gradient(135deg,rgb(3,104,175) 0%,rgb(40,116,252) 100%)\"><strong>Retour aux escales<\/strong><\/a><\/div>\n<\/div>","protected":false},"excerpt":{"rendered":"<p>S &#8216;il y a bien une escale qui n&#8217;\u00e9tait pas pr\u00e9vue, c&#8217;est celle-l\u00e0 ! Notre d\u00e9part de Raiatea a laiss\u00e9 place \u00e0 une longue navigation en direction de Lifou. Cependant, en cours de navigation, des intemp\u00e9ries sont venues faire \u00e9clater de nombreux points de faiblesses du Noddi. Dans le lot : le chargeur solaire qui [&hellip;]<\/p>","protected":false},"author":1,"featured_media":1893,"parent":0,"menu_order":0,"comment_status":"closed","ping_status":"closed","template":"","meta":{"inline_featured_image":false,"footnotes":""},"class_list":["post-2349","page","type-page","status-publish","has-post-thumbnail","hentry","isotope-item"],"aioseo_notices":[],"_links":{"self":[{"href":"https:\/\/jybe.fr\/en\/wp-json\/wp\/v2\/pages\/2349","targetHints":{"allow":["GET"]}}],"collection":[{"href":"https:\/\/jybe.fr\/en\/wp-json\/wp\/v2\/pages"}],"about":[{"href":"https:\/\/jybe.fr\/en\/wp-json\/wp\/v2\/types\/page"}],"author":[{"embeddable":true,"href":"https:\/\/jybe.fr\/en\/wp-json\/wp\/v2\/users\/1"}],"replies":[{"embeddable":true,"href":"https:\/\/jybe.fr\/en\/wp-json\/wp\/v2\/comments?post=2349"}],"version-history":[{"count":4,"href":"https:\/\/jybe.fr\/en\/wp-json\/wp\/v2\/pages\/2349\/revisions"}],"predecessor-version":[{"id":2573,"href":"https:\/\/jybe.fr\/en\/wp-json\/wp\/v2\/pages\/2349\/revisions\/2573"}],"wp:featuredmedia":[{"embeddable":true,"href":"https:\/\/jybe.fr\/en\/wp-json\/wp\/v2\/media\/1893"}],"wp:attachment":[{"href":"https:\/\/jybe.fr\/en\/wp-json\/wp\/v2\/media?parent=2349"}],"curies":[{"name":"wp","href":"https:\/\/api.w.org\/{rel}","templated":true}]}}