{"id":2313,"date":"2022-10-25T03:35:50","date_gmt":"2022-10-25T03:35:50","guid":{"rendered":"https:\/\/jybe.fr\/?page_id=2313"},"modified":"2022-10-28T07:05:39","modified_gmt":"2022-10-28T07:05:39","slug":"hiva-oa","status":"publish","type":"page","link":"https:\/\/jybe.fr\/en\/hiva-oa\/","title":{"rendered":"Hiva Oa"},"content":{"rendered":"<div class=\"wp-block-columns is-layout-flex wp-container-core-columns-is-layout-9d6595d7 wp-block-columns-is-layout-flex\">\n<div class=\"wp-block-column is-layout-flow wp-block-column-is-layout-flow\">\n<p class=\"has-drop-cap wp-embed-aspect-16-9 wp-has-aspect-ratio\">Escale incontournable des circumnavigations, l&#8217;archipel des \u00eeles Marquises est le premier arr\u00eat en Polyn\u00e9sie Fran\u00e7aise.<\/p>\n\n\n\n<p class=\"wp-embed-aspect-16-9 wp-has-aspect-ratio\">Un v\u00e9ritable bijou, apr\u00e8s 30 jours de navigation de Golfito, jusqu&#8217;\u00e0 Hiva Oa.<\/p>\n\n\n\n<div style=\"height:30px\" aria-hidden=\"true\" class=\"wp-block-spacer\"><\/div>\n\n\n\n<h2 class=\"wp-block-heading\">Premi\u00e8re partie de la transpacifique en 4 vid\u00e9os <\/h2>\n\n\n\n<div style=\"height:30px\" aria-hidden=\"true\" class=\"wp-block-spacer\"><\/div>\n\n\n\n<figure class=\"wp-block-embed is-type-video is-provider-youtube wp-block-embed-youtube wp-embed-aspect-16-9 wp-has-aspect-ratio\"><div class=\"wp-block-embed__wrapper\">\n<iframe loading=\"lazy\" title=\"TRANSPACIFIQUE DU COSTA RICA JUSQU&#039;EN POLYN\u00c9SIE EN VOILIER (PARTIE 1\/4)\" width=\"1200\" height=\"675\" src=\"https:\/\/www.youtube.com\/embed\/HTXZkMH2sMI?feature=oembed\" frameborder=\"0\" allow=\"accelerometer; autoplay; clipboard-write; encrypted-media; gyroscope; picture-in-picture\" allowfullscreen><\/iframe>\n<\/div><figcaption>Partie 1\/4<\/figcaption><\/figure>\n\n\n\n<div style=\"height:45px\" aria-hidden=\"true\" class=\"wp-block-spacer\"><\/div>\n\n\n\n<figure class=\"wp-block-embed is-type-video is-provider-youtube wp-block-embed-youtube wp-embed-aspect-16-9 wp-has-aspect-ratio\"><div class=\"wp-block-embed__wrapper\">\n<iframe loading=\"lazy\" title=\"TRANSPACIFIQUE DU COSTA RICA JUSQU&#039;EN POLYN\u00c9SIE EN VOILIER (PARTIE 2\/4)\" width=\"1200\" height=\"675\" src=\"https:\/\/www.youtube.com\/embed\/n9YujR53Dfc?feature=oembed\" frameborder=\"0\" allow=\"accelerometer; autoplay; clipboard-write; encrypted-media; gyroscope; picture-in-picture\" allowfullscreen><\/iframe>\n<\/div><figcaption>Partie 2\/4<\/figcaption><\/figure>\n\n\n\n<div style=\"height:45px\" aria-hidden=\"true\" class=\"wp-block-spacer\"><\/div>\n\n\n\n<figure class=\"wp-block-embed is-type-video is-provider-youtube wp-block-embed-youtube wp-embed-aspect-16-9 wp-has-aspect-ratio\"><div class=\"wp-block-embed__wrapper\">\n<iframe loading=\"lazy\" title=\"TRANSPACIFIQUE DU COSTA RICA JUSQU&#039;EN POLYN\u00c9SIE EN VOILIER (PARTIE 3\/4)\" width=\"1200\" height=\"675\" src=\"https:\/\/www.youtube.com\/embed\/r_HpxgpS_Hg?feature=oembed\" frameborder=\"0\" allow=\"accelerometer; autoplay; clipboard-write; encrypted-media; gyroscope; picture-in-picture\" allowfullscreen><\/iframe>\n<\/div><figcaption>Partie 3\/4<\/figcaption><\/figure>\n\n\n\n<div style=\"height:45px\" aria-hidden=\"true\" class=\"wp-block-spacer wp-embed-aspect-16-9 wp-has-aspect-ratio\"><\/div>\n\n\n\n<figure class=\"wp-block-embed is-type-video is-provider-youtube wp-block-embed-youtube wp-embed-aspect-16-9 wp-has-aspect-ratio\"><div class=\"wp-block-embed__wrapper\">\n<iframe loading=\"lazy\" title=\"TRANSPACIFIQUE DU COSTA RICA JUSQU&#039;EN POLYN\u00c9SIE EN VOILIER (PARTIE 4\/4)\" width=\"1200\" height=\"675\" src=\"https:\/\/www.youtube.com\/embed\/tOM1ZkwoxQs?feature=oembed\" frameborder=\"0\" allow=\"accelerometer; autoplay; clipboard-write; encrypted-media; gyroscope; picture-in-picture\" allowfullscreen><\/iframe>\n<\/div><figcaption>Partie 4\/4<\/figcaption><\/figure>\n\n\n\n<div style=\"height:30px\" aria-hidden=\"true\" class=\"wp-block-spacer\"><\/div>\n\n\n\n<h2 class=\"wp-block-heading\">Le sujet sur place : La Culture<\/h2>\n\n\n\n<p>Cette escale devait \u00eatre uniquement technique mais frapp\u00e9s par la beaut\u00e9 de l&#8217;\u00eele, de ses habitants et de leur culture, nous avons voulu vous partager une vid\u00e9o. Elle fait la transition entre <strong>agriculture<\/strong> and <strong>culture<\/strong> et vous pr\u00e9sente une culture ancestrale.<\/p>\n\n\n\n<div style=\"height:40px\" aria-hidden=\"true\" class=\"wp-block-spacer\"><\/div>\n\n\n\n<figure class=\"wp-block-embed is-type-video is-provider-youtube wp-block-embed-youtube wp-embed-aspect-16-9 wp-has-aspect-ratio\"><div class=\"wp-block-embed__wrapper\">\n<iframe loading=\"lazy\" title=\"LES I\u0302LES MARQUISES - NOUS D\u00c9COUVRONS UNE CULTURE ANCESTRALE AU C\u0152UR DE LA POLYN\u00c9SIE FRAN\u00c7AISE\" width=\"1200\" height=\"675\" src=\"https:\/\/www.youtube.com\/embed\/zstDy0iI9xk?feature=oembed\" frameborder=\"0\" allow=\"accelerometer; autoplay; clipboard-write; encrypted-media; gyroscope; picture-in-picture\" allowfullscreen><\/iframe>\n<\/div><\/figure>\n\n\n\n<div style=\"height:30px\" aria-hidden=\"true\" class=\"wp-block-spacer\"><\/div>\n\n\n\n<h2 class=\"wp-block-heading\">Les coulisses<\/h2>\n\n\n\n<div class=\"wp-block-media-text alignwide is-stacked-on-mobile\"><figure class=\"wp-block-media-text__media\"><img loading=\"lazy\" decoding=\"async\" width=\"1024\" height=\"573\" src=\"https:\/\/jybe.fr\/wp-content\/uploads\/2022\/10\/Capture-de\u0301cran-2022-10-25-a\u0300-11.21.32-1024x573.png\" alt=\"\" class=\"wp-image-2314 size-full\" srcset=\"https:\/\/jybe.fr\/wp-content\/uploads\/2022\/10\/Capture-de\u0301cran-2022-10-25-a\u0300-11.21.32-1024x573.png 1024w, https:\/\/jybe.fr\/wp-content\/uploads\/2022\/10\/Capture-de\u0301cran-2022-10-25-a\u0300-11.21.32-300x168.png 300w, https:\/\/jybe.fr\/wp-content\/uploads\/2022\/10\/Capture-de\u0301cran-2022-10-25-a\u0300-11.21.32-768x430.png 768w, https:\/\/jybe.fr\/wp-content\/uploads\/2022\/10\/Capture-de\u0301cran-2022-10-25-a\u0300-11.21.32-1536x859.png 1536w, https:\/\/jybe.fr\/wp-content\/uploads\/2022\/10\/Capture-de\u0301cran-2022-10-25-a\u0300-11.21.32-2048x1145.png 2048w, https:\/\/jybe.fr\/wp-content\/uploads\/2022\/10\/Capture-de\u0301cran-2022-10-25-a\u0300-11.21.32-18x10.png 18w, https:\/\/jybe.fr\/wp-content\/uploads\/2022\/10\/Capture-de\u0301cran-2022-10-25-a\u0300-11.21.32-640x358.png 640w, https:\/\/jybe.fr\/wp-content\/uploads\/2022\/10\/Capture-de\u0301cran-2022-10-25-a\u0300-11.21.32-960x537.png 960w, https:\/\/jybe.fr\/wp-content\/uploads\/2022\/10\/Capture-de\u0301cran-2022-10-25-a\u0300-11.21.32-1280x716.png 1280w, https:\/\/jybe.fr\/wp-content\/uploads\/2022\/10\/Capture-de\u0301cran-2022-10-25-a\u0300-11.21.32-1680x940.png 1680w\" sizes=\"auto, (max-width: 1024px) 100vw, 1024px\" \/><\/figure><div class=\"wp-block-media-text__content\">\n<p>Nos recherches sur ce sujet ont \u00e9t\u00e9 enrichies gr\u00e2ce \u00e0 <strong>Brian O&#8217;Connor<\/strong>, un guide local extraordinaire qui nous a fait visiter l&#8217;\u00eele. Nous remercions \u00e9galement Marc Maupas pour son invitation \u00e0 passer cette journ\u00e9e \u00e0 ses c\u00f4t\u00e9s.<\/p>\n<\/div><\/div>\n\n\n\n<div style=\"height:30px\" aria-hidden=\"true\" class=\"wp-block-spacer\"><\/div>\n\n\n\n<p>Marc Maupas est l&#8217;heureux propri\u00e9taire du magnifique multicoque Diversion. Une <strong>construction exceptionnelle<\/strong> qui a \u00e9t\u00e9 essay\u00e9e par la presse.<\/p>\n\n\n\n<p>Pour l&#8217;anecdote, Marc, <strong>nous l&#8217;avions d\u00e9j\u00e0 rencontr\u00e9<\/strong> \u00e0 la fin de notre transatlantique. Il \u00e9tait la premi\u00e8re personne avec qui nous avions \u00e9chang\u00e9 quelques mots apr\u00e8s 28 jours de mer. Le retrouver ici, c&#8217;\u00e9tait assez dr\u00f4le, mais<strong> les navigateurs au long court forment un petit groupe.<\/strong><\/p>\n\n\n\n<div style=\"height:30px\" aria-hidden=\"true\" class=\"wp-block-spacer\"><\/div>\n\n\n<div class=\"_df_book df-lite\" id=\"df_2315\"  data-title=\"diversion-article-presse\" _slug=\"diversion-article-presse\" wpoptions=\"true\" thumbtype=\"bg\" ><p class=\"df-raw-loading\">Please wait while flipbook is loading. For more related info, FAQs and issues please refer to <a href=\"https:\/\/wordpress.org\/plugins\/3d-flipbook-dflip-lite\/#installation\">DearFlip WordPress Flipbook Plugin Help<\/a> documentation.<\/p><\/div><script class=\"df-shortcode-script\" type=\"application\/javascript\">window.option_df_2315 = {\"outline\":[],\"forceFit\":\"true\",\"autoEnableOutline\":\"false\",\"autoEnableThumbnail\":\"false\",\"overwritePDFOutline\":\"false\",\"direction\":\"1\",\"pageSize\":\"0\",\"source\":\"https:\\\/\\\/jybe.fr\\\/wp-content\\\/uploads\\\/2022\\\/10\\\/mm-176-MCAT52.pdf\",\"wpOptions\":\"true\"}; if(window.DFLIP && window.DFLIP.parseBooks){window.DFLIP.parseBooks();}<\/script>\n\n\n\n<div style=\"height:30px\" aria-hidden=\"true\" class=\"wp-block-spacer\"><\/div>\n\n\n\n<p>Nous avons \u00e9galement eu l&#8217;opportunit\u00e9 de participer \u00e0 la mise \u00e0 sec de Diversion.<\/p>\n\n\n\n<div style=\"height:30px\" aria-hidden=\"true\" class=\"wp-block-spacer\"><\/div>\n\n\n\n<figure class=\"wp-block-embed is-type-video is-provider-youtube wp-block-embed-youtube wp-embed-aspect-16-9 wp-has-aspect-ratio\"><div class=\"wp-block-embed__wrapper\">\n<iframe loading=\"lazy\" title=\"Drying off Diversion\" width=\"1200\" height=\"675\" src=\"https:\/\/www.youtube.com\/embed\/IYyGwHj1DEw?feature=oembed\" frameborder=\"0\" allow=\"accelerometer; autoplay; clipboard-write; encrypted-media; gyroscope; picture-in-picture\" allowfullscreen><\/iframe>\n<\/div><\/figure>\n\n\n\n<div style=\"height:65px\" aria-hidden=\"true\" class=\"wp-block-spacer\"><\/div>\n<\/div>\n<\/div>\n\n\n\n<div class=\"wp-block-columns is-layout-flex wp-container-core-columns-is-layout-9d6595d7 wp-block-columns-is-layout-flex\">\n<div class=\"wp-block-column is-layout-flow wp-block-column-is-layout-flow\">\n<h2 class=\"wp-block-heading\">Le r\u00e9cit de L\u00e9o<\/h2>\n\n\n\n<div style=\"height:30px\" aria-hidden=\"true\" class=\"wp-block-spacer\"><\/div>\n<\/div>\n<\/div>\n\n\n\n<div class=\"wp-block-media-text alignwide is-stacked-on-mobile\" style=\"grid-template-columns:30% auto\"><figure class=\"wp-block-media-text__media\"><a href=\"https:\/\/jybe.fr\/en\/premier-echantillon-du-paradis-les-iles-marquises\/\" target=\"_blank\" rel=\"noreferrer noopener\"><img loading=\"lazy\" decoding=\"async\" width=\"1024\" height=\"684\" src=\"https:\/\/jybe.fr\/wp-content\/uploads\/2022\/05\/CLO4042-1024x684.jpg\" alt=\"\" class=\"wp-image-1841 size-full\" srcset=\"https:\/\/jybe.fr\/wp-content\/uploads\/2022\/05\/CLO4042-1024x684.jpg 1024w, https:\/\/jybe.fr\/wp-content\/uploads\/2022\/05\/CLO4042-300x200.jpg 300w, https:\/\/jybe.fr\/wp-content\/uploads\/2022\/05\/CLO4042-768x513.jpg 768w, https:\/\/jybe.fr\/wp-content\/uploads\/2022\/05\/CLO4042-1536x1026.jpg 1536w, https:\/\/jybe.fr\/wp-content\/uploads\/2022\/05\/CLO4042-2048x1368.jpg 2048w, https:\/\/jybe.fr\/wp-content\/uploads\/2022\/05\/CLO4042-18x12.jpg 18w, https:\/\/jybe.fr\/wp-content\/uploads\/2022\/05\/CLO4042-640x427.jpg 640w, https:\/\/jybe.fr\/wp-content\/uploads\/2022\/05\/CLO4042-960x641.jpg 960w, https:\/\/jybe.fr\/wp-content\/uploads\/2022\/05\/CLO4042-1280x855.jpg 1280w, https:\/\/jybe.fr\/wp-content\/uploads\/2022\/05\/CLO4042-1680x1122.jpg 1680w\" sizes=\"auto, (max-width: 1024px) 100vw, 1024px\" \/><\/a><\/figure><div class=\"wp-block-media-text__content\">\n<p>Vous pouvez revivre cette exp\u00e9rience&nbsp;<strong>\u00e0 travers ce r\u00e9cit de L\u00e9o.<\/strong><\/p>\n\n\n\n<div style=\"height:20px\" aria-hidden=\"true\" class=\"wp-block-spacer\"><\/div>\n\n\n\n<div class=\"wp-block-buttons is-content-justification-center is-layout-flex wp-container-core-buttons-is-layout-16018d1d wp-block-buttons-is-layout-flex\">\n<div class=\"wp-block-button has-custom-width wp-block-button__width-100 is-style-outline is-style-outline--1\"><a class=\"wp-block-button__link\" href=\"https:\/\/jybe.fr\/en\/premier-echantillon-du-paradis-les-iles-marquises\/\" target=\"_blank\" rel=\"noreferrer noopener\">Lire<\/a><\/div>\n<\/div>\n<\/div><\/div>\n\n\n\n<div style=\"height:65px\" aria-hidden=\"true\" class=\"wp-block-spacer\"><\/div>\n\n\n\n<div class=\"wp-block-buttons is-content-justification-center is-layout-flex wp-container-core-buttons-is-layout-16018d1d wp-block-buttons-is-layout-flex\">\n<div class=\"wp-block-button has-custom-width wp-block-button__width-50 is-style-fill\"><a class=\"wp-block-button__link has-white-color has-text-color has-background\" href=\"https:\/\/jybe.fr\/en\/escales\/\" style=\"background:linear-gradient(135deg,rgb(3,104,175) 0%,rgb(40,116,252) 100%)\"><strong>Retour aux escales<\/strong><\/a><\/div>\n<\/div>","protected":false},"excerpt":{"rendered":"<p>Escale incontournable des circumnavigations, l&#8217;archipel des \u00eeles Marquises est le premier arr\u00eat en Polyn\u00e9sie Fran\u00e7aise. Un v\u00e9ritable bijou, apr\u00e8s 30 jours de navigation de Golfito, jusqu&#8217;\u00e0 Hiva Oa. Premi\u00e8re partie de la transpacifique en 4 vid\u00e9os Le sujet sur place : La Culture Cette escale devait \u00eatre uniquement technique mais frapp\u00e9s par la beaut\u00e9 de [&hellip;]<\/p>","protected":false},"author":1,"featured_media":1840,"parent":0,"menu_order":0,"comment_status":"closed","ping_status":"closed","template":"","meta":{"inline_featured_image":false,"footnotes":""},"class_list":["post-2313","page","type-page","status-publish","has-post-thumbnail","hentry","isotope-item"],"aioseo_notices":[],"_links":{"self":[{"href":"https:\/\/jybe.fr\/en\/wp-json\/wp\/v2\/pages\/2313","targetHints":{"allow":["GET"]}}],"collection":[{"href":"https:\/\/jybe.fr\/en\/wp-json\/wp\/v2\/pages"}],"about":[{"href":"https:\/\/jybe.fr\/en\/wp-json\/wp\/v2\/types\/page"}],"author":[{"embeddable":true,"href":"https:\/\/jybe.fr\/en\/wp-json\/wp\/v2\/users\/1"}],"replies":[{"embeddable":true,"href":"https:\/\/jybe.fr\/en\/wp-json\/wp\/v2\/comments?post=2313"}],"version-history":[{"count":6,"href":"https:\/\/jybe.fr\/en\/wp-json\/wp\/v2\/pages\/2313\/revisions"}],"predecessor-version":[{"id":2639,"href":"https:\/\/jybe.fr\/en\/wp-json\/wp\/v2\/pages\/2313\/revisions\/2639"}],"wp:featuredmedia":[{"embeddable":true,"href":"https:\/\/jybe.fr\/en\/wp-json\/wp\/v2\/media\/1840"}],"wp:attachment":[{"href":"https:\/\/jybe.fr\/en\/wp-json\/wp\/v2\/media?parent=2313"}],"curies":[{"name":"wp","href":"https:\/\/api.w.org\/{rel}","templated":true}]}}