{"id":2158,"date":"2022-10-21T05:52:27","date_gmt":"2022-10-21T05:52:27","guid":{"rendered":"https:\/\/jybe.fr\/?page_id=2158"},"modified":"2022-10-29T08:55:27","modified_gmt":"2022-10-29T08:55:27","slug":"iles-canaries","status":"publish","type":"page","link":"https:\/\/jybe.fr\/en\/iles-canaries\/","title":{"rendered":"Canary Islands"},"content":{"rendered":"<div class=\"wp-block-columns is-layout-flex wp-container-core-columns-is-layout-9d6595d7 wp-block-columns-is-layout-flex\">\n<div class=\"wp-block-column is-layout-flow wp-block-column-is-layout-flow\">\n<p class=\"has-drop-cap\">Nous voil\u00e0 quelques jours apr\u00e8s avoir quitt\u00e9s notre <a href=\"https:\/\/jybe.fr\/en\/maroc\/\" title=\"Morocco\"><strong>mouillage d&#8217;une nuit \u00e0 Essaouira<\/strong><\/a>. La navigation entre le Maroc et Lanzarote est courte et agr\u00e9able bien que le taux d&#8217;humidit\u00e9 devient incroyablement \u00e9lev\u00e9 \u00e0 la nuit tomb\u00e9e. <\/p>\n\n\n\n<div style=\"height:30px\" aria-hidden=\"true\" class=\"wp-block-spacer\"><\/div>\n\n\n<style type=\"text\/css\" id=\"gmpMapStyles_12_79941\">\r\n\t#google_map_easy_12_79941 {\r\n        width: 100%;\r\n        height: 250px;\r\n\t\t\t\t\t\t    }\r\n\t#gmapControlsNum_12_79941 {\r\n\t\twidth:100%\t}\r\n\t.gmpMapDetailsContainer#gmpMapDetailsContainer_12_79941 {\r\n\t\theight:250px;\r\n\t}\r\n\t.gmp_MapPreview#google_map_easy_12_79941 {\r\n\t\t\/*position:absolute;*\/\r\n\t\twidth: 100%;\r\n\t}\r\n\t#mapConElem_12_79941{\r\n\t\twidth: 100%\t}\r\n    .gm-style .gm-style-iw-c{\r\n        padding: 12px!important;\r\n    }\r\n\t    <\/style>\r\n <div class=\"gmp_map_opts\" id=\"mapConElem_12_79941\" data-id=\"12\" data-view-id=\"12_79941\" > <div class=\"gmpMapDetailsContainer\" id=\"gmpMapDetailsContainer_12_79941\"> <i class=\"gmpKMLLayersPreloader fa fa-spinner fa-spin\" aria-hidden=\"true\" style=\"display: none;\"><\/i> <div class=\"gmp_MapPreview\" id=\"google_map_easy_12_79941\"><\/div> <\/div> <div class=\"gmpMapMarkerFilters\" id=\"gmpMapMarkerFilters_12_79941\"> <\/div> <div class=\"gmpMapProControlsCon\" id=\"gmpMapProControlsCon_12_79941\"> <\/div> <div class=\"gmpMapProDirectionsCon\" id=\"gmpMapProDirectionsCon_12_79941\" > <\/div> <div class=\"gmpMapProKmlFilterCon\" id=\"gmpMapProKmlFilterCon_12_79941\" > <\/div> <div class=\"gmpSocialSharingShell gmpSocialSharingShell_12_79941\"> <\/div> <div style=\"clear: both;\"><\/div> <\/div> \n\n\n\n<div style=\"height:30px\" aria-hidden=\"true\" class=\"wp-block-spacer\"><\/div>\n<\/div>\n<\/div>\n\n\n\n<h2 class=\"wp-block-heading\">Tourisme de masse<\/h2>\n\n\n\n<div class=\"wp-block-columns is-layout-flex wp-container-core-columns-is-layout-9d6595d7 wp-block-columns-is-layout-flex\">\n<div class=\"wp-block-column is-layout-flow wp-block-column-is-layout-flow\">\n<p>\u00c0 notre arriv\u00e9e \u00e0 la &#8220;Marina Rubic\u00f3n&#8221;, nous sommes heureux de pouvoir (cette fois-ci r\u00e9ellement) mettre pied-\u00e0-terre. Nous d\u00e9gustons notre premier ap\u00e9ritif en terrasse en observant la multitude de touristes anglo-saxons pr\u00e9sents sur l&#8217;\u00eele. Lanzarote offre \u00e0 la fois une temp\u00e9rature id\u00e9ale pour les vacanciers et de nombreux complexes touristiques. On vous avoue que <strong>ce n&#8217;est pas trop notre truc&#8230; <\/strong><\/p>\n\n\n\n<p>Les jours suivants notre arriv\u00e9e sont remplis de bricolage avec la maintenance habituelle du <a href=\"https:\/\/jybe.fr\/en\/notre-voilier\/\" target=\"_blank\" rel=\"noopener\" title=\"Our sailboat \u201cNoddi\u201c\">Noddi<\/a>. Le lavage des v\u00eatements ainsi que quelques courses pr\u00e9c\u00e9dent notre<strong> d\u00e9couverte des environs.<\/strong><\/p>\n\n\n\n<p>Nous recherchons une randonn\u00e9e, notons ses coordonn\u00e9es GPS et <strong>c&#8217;est parti ! <\/strong>De bon matin, nous enfilons nos chaussures et partons en direction d&#8217;un petit mont \u00e0 une dizaine de kilom\u00e8tres. On esp\u00e8re y trouver une belle vue sur l&#8217;\u00eele.<\/p>\n\n\n\n<div style=\"height:30px\" aria-hidden=\"true\" class=\"wp-block-spacer\"><\/div>\n\n\n\n<div class=\"wp-block-columns is-layout-flex wp-container-core-columns-is-layout-9d6595d7 wp-block-columns-is-layout-flex\">\n<div class=\"wp-block-column is-layout-flow wp-block-column-is-layout-flow\" style=\"flex-basis:33.33%\">\n<iframe loading=\"lazy\" width=\"315\" height=\"315\" src=\"https:\/\/www.youtube.com\/embed\/golLUsUVANk\" title=\"YouTube video player\" frameborder=\"0\" allow=\"accelerometer; autoplay; clipboard-write; encrypted-media; gyroscope; picture-in-picture\" allowfullscreen=\"\"><\/iframe>\n<\/div>\n\n\n\n<div class=\"wp-block-column is-layout-flow wp-block-column-is-layout-flow\" style=\"flex-basis:66.66%\">\n<figure class=\"wp-block-image size-large\"><img loading=\"lazy\" decoding=\"async\" width=\"1024\" height=\"480\" src=\"https:\/\/jybe.fr\/wp-content\/uploads\/2022\/10\/IMG_0905-1-1024x480.jpg\" alt=\"\" class=\"wp-image-2161\" srcset=\"https:\/\/jybe.fr\/wp-content\/uploads\/2022\/10\/IMG_0905-1-1024x480.jpg 1024w, https:\/\/jybe.fr\/wp-content\/uploads\/2022\/10\/IMG_0905-1-300x141.jpg 300w, https:\/\/jybe.fr\/wp-content\/uploads\/2022\/10\/IMG_0905-1-768x360.jpg 768w, https:\/\/jybe.fr\/wp-content\/uploads\/2022\/10\/IMG_0905-1-1536x720.jpg 1536w, https:\/\/jybe.fr\/wp-content\/uploads\/2022\/10\/IMG_0905-1-2048x960.jpg 2048w, https:\/\/jybe.fr\/wp-content\/uploads\/2022\/10\/IMG_0905-1-18x8.jpg 18w, https:\/\/jybe.fr\/wp-content\/uploads\/2022\/10\/IMG_0905-1-640x300.jpg 640w, https:\/\/jybe.fr\/wp-content\/uploads\/2022\/10\/IMG_0905-1-960x450.jpg 960w, https:\/\/jybe.fr\/wp-content\/uploads\/2022\/10\/IMG_0905-1-1280x600.jpg 1280w, https:\/\/jybe.fr\/wp-content\/uploads\/2022\/10\/IMG_0905-1-1680x788.jpg 1680w\" sizes=\"auto, (max-width: 1024px) 100vw, 1024px\" \/><figcaption>Matez moi cette vue !<\/figcaption><\/figure>\n<\/div>\n<\/div>\n\n\n\n<p>Nous d\u00e9cidons finalement que cette escale doit laisser place \u00e0 la suivante : Gran Canaria !<\/p>\n\n\n\n<h2 class=\"wp-block-heading\">Gran Canaria<\/h2>\n\n\n\n<p>Ici, l&#8217;ambiance est sympa : c&#8217;est le point de d\u00e9part de nombreux navigateurs pour effectuer la transatlantique. Aujourd\u2019hui, <strong>nous faisons partie de ce cercle de fous !<\/strong><\/p>\n\n\n\n<p><em>Las Palmas de Gran Canaria<\/em> est une grande ville, remplie de restaurants, bars et magasins. Nous sommes ici pour pr\u00e9parer Noddi au grand d\u00e9part <strong>et nous y pr\u00e9parer personellement \u00e9galement.<\/strong><\/p>\n\n\n\n<p>Durant ces quelques jours que nous nous accordons, nous d\u00e9cidons de louer des motos afin de<strong> d\u00e9couvrir plus en profondeur<\/strong> ce que cette nouvelle \u00eele peut nous offrir.<\/p>\n\n\n\n<div style=\"height:30px\" aria-hidden=\"true\" class=\"wp-block-spacer\"><\/div>\n\n\n\n<figure class=\"wp-block-embed is-type-video is-provider-youtube wp-block-embed-youtube wp-embed-aspect-16-9 wp-has-aspect-ratio\"><div class=\"wp-block-embed__wrapper\">\n<iframe loading=\"lazy\" title=\"Tour en moto dans les hauteurs de Gran Canaria\" width=\"1200\" height=\"675\" src=\"https:\/\/www.youtube.com\/embed\/QEMddRlKmBg?feature=oembed\" frameborder=\"0\" allow=\"accelerometer; autoplay; clipboard-write; encrypted-media; gyroscope; picture-in-picture\" allowfullscreen><\/iframe>\n<\/div><\/figure>\n\n\n\n<div style=\"height:20px\" aria-hidden=\"true\" class=\"wp-block-spacer\"><\/div>\n\n\n\n<figure class=\"wp-block-gallery has-nested-images columns-default is-cropped wp-block-gallery-1 is-layout-flex wp-block-gallery-is-layout-flex\">\n<figure class=\"wp-block-image size-large\"><img loading=\"lazy\" decoding=\"async\" width=\"1024\" height=\"768\" data-id=\"2167\" src=\"https:\/\/jybe.fr\/wp-content\/uploads\/2022\/10\/IMG_0932-1024x768.jpg\" alt=\"\" class=\"wp-image-2167\" srcset=\"https:\/\/jybe.fr\/wp-content\/uploads\/2022\/10\/IMG_0932-1024x768.jpg 1024w, https:\/\/jybe.fr\/wp-content\/uploads\/2022\/10\/IMG_0932-300x225.jpg 300w, https:\/\/jybe.fr\/wp-content\/uploads\/2022\/10\/IMG_0932-768x576.jpg 768w, https:\/\/jybe.fr\/wp-content\/uploads\/2022\/10\/IMG_0932-1536x1152.jpg 1536w, https:\/\/jybe.fr\/wp-content\/uploads\/2022\/10\/IMG_0932-2048x1536.jpg 2048w, https:\/\/jybe.fr\/wp-content\/uploads\/2022\/10\/IMG_0932-16x12.jpg 16w, https:\/\/jybe.fr\/wp-content\/uploads\/2022\/10\/IMG_0932-640x480.jpg 640w, https:\/\/jybe.fr\/wp-content\/uploads\/2022\/10\/IMG_0932-960x720.jpg 960w, https:\/\/jybe.fr\/wp-content\/uploads\/2022\/10\/IMG_0932-1280x960.jpg 1280w, https:\/\/jybe.fr\/wp-content\/uploads\/2022\/10\/IMG_0932-1680x1260.jpg 1680w\" sizes=\"auto, (max-width: 1024px) 100vw, 1024px\" \/><\/figure>\n\n\n\n<figure class=\"wp-block-image size-large\"><img loading=\"lazy\" decoding=\"async\" width=\"1024\" height=\"768\" data-id=\"2168\" src=\"https:\/\/jybe.fr\/wp-content\/uploads\/2022\/10\/IMG_0926-1024x768.jpg\" alt=\"\" class=\"wp-image-2168\" srcset=\"https:\/\/jybe.fr\/wp-content\/uploads\/2022\/10\/IMG_0926-1024x768.jpg 1024w, https:\/\/jybe.fr\/wp-content\/uploads\/2022\/10\/IMG_0926-300x225.jpg 300w, https:\/\/jybe.fr\/wp-content\/uploads\/2022\/10\/IMG_0926-768x576.jpg 768w, https:\/\/jybe.fr\/wp-content\/uploads\/2022\/10\/IMG_0926-1536x1152.jpg 1536w, https:\/\/jybe.fr\/wp-content\/uploads\/2022\/10\/IMG_0926-2048x1536.jpg 2048w, https:\/\/jybe.fr\/wp-content\/uploads\/2022\/10\/IMG_0926-16x12.jpg 16w, https:\/\/jybe.fr\/wp-content\/uploads\/2022\/10\/IMG_0926-640x480.jpg 640w, https:\/\/jybe.fr\/wp-content\/uploads\/2022\/10\/IMG_0926-960x720.jpg 960w, https:\/\/jybe.fr\/wp-content\/uploads\/2022\/10\/IMG_0926-1280x960.jpg 1280w, https:\/\/jybe.fr\/wp-content\/uploads\/2022\/10\/IMG_0926-1680x1260.jpg 1680w\" sizes=\"auto, (max-width: 1024px) 100vw, 1024px\" \/><\/figure>\n\n\n\n<figure class=\"wp-block-image size-large\"><img loading=\"lazy\" decoding=\"async\" width=\"1024\" height=\"768\" data-id=\"2166\" src=\"https:\/\/jybe.fr\/wp-content\/uploads\/2022\/10\/IMG_0919-1024x768.jpg\" alt=\"\" class=\"wp-image-2166\" srcset=\"https:\/\/jybe.fr\/wp-content\/uploads\/2022\/10\/IMG_0919-1024x768.jpg 1024w, https:\/\/jybe.fr\/wp-content\/uploads\/2022\/10\/IMG_0919-300x225.jpg 300w, https:\/\/jybe.fr\/wp-content\/uploads\/2022\/10\/IMG_0919-768x576.jpg 768w, https:\/\/jybe.fr\/wp-content\/uploads\/2022\/10\/IMG_0919-1536x1152.jpg 1536w, https:\/\/jybe.fr\/wp-content\/uploads\/2022\/10\/IMG_0919-2048x1536.jpg 2048w, https:\/\/jybe.fr\/wp-content\/uploads\/2022\/10\/IMG_0919-16x12.jpg 16w, https:\/\/jybe.fr\/wp-content\/uploads\/2022\/10\/IMG_0919-640x480.jpg 640w, https:\/\/jybe.fr\/wp-content\/uploads\/2022\/10\/IMG_0919-960x720.jpg 960w, https:\/\/jybe.fr\/wp-content\/uploads\/2022\/10\/IMG_0919-1280x960.jpg 1280w, https:\/\/jybe.fr\/wp-content\/uploads\/2022\/10\/IMG_0919-1680x1260.jpg 1680w\" sizes=\"auto, (max-width: 1024px) 100vw, 1024px\" \/><\/figure>\n<\/figure>\n<\/div>\n<\/div>\n\n\n\n<div style=\"height:30px\" aria-hidden=\"true\" class=\"wp-block-spacer\"><\/div>\n\n\n\n<p>Notre escale \u00e0 Gran Canaria laisse progressivement la place aux pr\u00e9paratifs du bateau. Nous activons l&#8217;abonnement de notre t\u00e9l\u00e9phone satellite. D\u00e9sormais, nous d\u00e9marrons notre premi\u00e8re transatlantique dans quelques jours. L\u00e9o vous la d\u00e9taille dans ces deux articles du <a href=\"https:\/\/jybe.fr\/en\/carnet-dexpedition\/\" title=\"Travel notebook\">Carnet d&#8217;Exp\u00e9dition<\/a>. Bonne lecture !<\/p>\n\n\n\n<div style=\"height:30px\" aria-hidden=\"true\" class=\"wp-block-spacer\"><\/div>\n\n\n\n<div class=\"wp-block-columns is-layout-flex wp-container-core-columns-is-layout-9d6595d7 wp-block-columns-is-layout-flex\">\n<div class=\"wp-block-column is-layout-flow wp-block-column-is-layout-flow\">\n<div class=\"wp-block-cover is-light\"><span aria-hidden=\"true\" class=\"wp-block-cover__background has-background-dim\"><\/span><img loading=\"lazy\" decoding=\"async\" width=\"2560\" height=\"1709\" class=\"wp-block-cover__image-background wp-image-1273\" alt=\"\" src=\"https:\/\/jybe.fr\/wp-content\/uploads\/2022\/01\/CLO2463-scaled.jpg\" data-object-fit=\"cover\" srcset=\"https:\/\/jybe.fr\/wp-content\/uploads\/2022\/01\/CLO2463-scaled.jpg 2560w, https:\/\/jybe.fr\/wp-content\/uploads\/2022\/01\/CLO2463-300x200.jpg 300w, https:\/\/jybe.fr\/wp-content\/uploads\/2022\/01\/CLO2463-1024x684.jpg 1024w, https:\/\/jybe.fr\/wp-content\/uploads\/2022\/01\/CLO2463-768x513.jpg 768w, https:\/\/jybe.fr\/wp-content\/uploads\/2022\/01\/CLO2463-1536x1025.jpg 1536w, https:\/\/jybe.fr\/wp-content\/uploads\/2022\/01\/CLO2463-2048x1367.jpg 2048w, https:\/\/jybe.fr\/wp-content\/uploads\/2022\/01\/CLO2463-640x427.jpg 640w, https:\/\/jybe.fr\/wp-content\/uploads\/2022\/01\/CLO2463-960x641.jpg 960w, https:\/\/jybe.fr\/wp-content\/uploads\/2022\/01\/CLO2463-1280x855.jpg 1280w, https:\/\/jybe.fr\/wp-content\/uploads\/2022\/01\/CLO2463-1680x1122.jpg 1680w\" sizes=\"auto, (max-width: 2560px) 100vw, 2560px\" \/><div class=\"wp-block-cover__inner-container is-layout-flow wp-block-cover-is-layout-flow\">\n<div class=\"wp-block-buttons is-content-justification-center is-layout-flex wp-container-core-buttons-is-layout-16018d1d wp-block-buttons-is-layout-flex\">\n<div class=\"wp-block-button has-custom-width wp-block-button__width-75\"><a class=\"wp-block-button__link has-vivid-cyan-blue-background-color has-background\" href=\"https:\/\/jybe.fr\/en\/transatlantique-premiere-partie\/\"><strong>Transatlantique \u2013 Partie 1<\/strong><\/a><\/div>\n<\/div>\n<\/div><\/div>\n<\/div>\n\n\n\n<div class=\"wp-block-column is-layout-flow wp-block-column-is-layout-flow\">\n<div class=\"wp-block-cover\"><span aria-hidden=\"true\" class=\"wp-block-cover__background has-background-dim\"><\/span><img loading=\"lazy\" decoding=\"async\" width=\"2560\" height=\"1709\" class=\"wp-block-cover__image-background wp-image-1370\" alt=\"\" src=\"https:\/\/jybe.fr\/wp-content\/uploads\/2022\/01\/CLO2508-scaled.jpg\" data-object-fit=\"cover\" srcset=\"https:\/\/jybe.fr\/wp-content\/uploads\/2022\/01\/CLO2508-scaled.jpg 2560w, https:\/\/jybe.fr\/wp-content\/uploads\/2022\/01\/CLO2508-300x200.jpg 300w, https:\/\/jybe.fr\/wp-content\/uploads\/2022\/01\/CLO2508-1024x684.jpg 1024w, https:\/\/jybe.fr\/wp-content\/uploads\/2022\/01\/CLO2508-768x513.jpg 768w, https:\/\/jybe.fr\/wp-content\/uploads\/2022\/01\/CLO2508-1536x1025.jpg 1536w, https:\/\/jybe.fr\/wp-content\/uploads\/2022\/01\/CLO2508-2048x1367.jpg 2048w, https:\/\/jybe.fr\/wp-content\/uploads\/2022\/01\/CLO2508-640x427.jpg 640w, https:\/\/jybe.fr\/wp-content\/uploads\/2022\/01\/CLO2508-960x641.jpg 960w, https:\/\/jybe.fr\/wp-content\/uploads\/2022\/01\/CLO2508-1280x855.jpg 1280w, https:\/\/jybe.fr\/wp-content\/uploads\/2022\/01\/CLO2508-1680x1122.jpg 1680w\" sizes=\"auto, (max-width: 2560px) 100vw, 2560px\" \/><div class=\"wp-block-cover__inner-container is-layout-flow wp-block-cover-is-layout-flow\">\n<div class=\"wp-block-buttons is-content-justification-center is-layout-flex wp-container-core-buttons-is-layout-16018d1d wp-block-buttons-is-layout-flex\">\n<div class=\"wp-block-button has-custom-width wp-block-button__width-75\"><a class=\"wp-block-button__link has-vivid-cyan-blue-background-color has-background\" href=\"https:\/\/jybe.fr\/en\/transatlantique-deuxieme-partie\/\"><strong>Transatlantique &#8211; Partie 2<\/strong><\/a><\/div>\n<\/div>\n<\/div><\/div>\n<\/div>\n<\/div>\n\n\n\n<div style=\"height:30px\" aria-hidden=\"true\" class=\"wp-block-spacer\"><\/div>\n\n\n\n<div class=\"wp-block-buttons is-content-justification-center is-layout-flex wp-container-core-buttons-is-layout-16018d1d wp-block-buttons-is-layout-flex\">\n<div class=\"wp-block-button has-custom-width wp-block-button__width-50 is-style-fill\"><a class=\"wp-block-button__link has-white-color has-text-color has-background\" href=\"https:\/\/jybe.fr\/en\/escales\/\" style=\"background:linear-gradient(135deg,rgb(3,104,175) 0%,rgb(40,116,252) 100%)\"><strong>Retour aux escales<\/strong><\/a><\/div>\n<\/div>","protected":false},"excerpt":{"rendered":"<p>Nous voil\u00e0 quelques jours apr\u00e8s avoir quitt\u00e9s notre mouillage d&#8217;une nuit \u00e0 Essaouira. La navigation entre le Maroc et Lanzarote est courte et agr\u00e9able bien que le taux d&#8217;humidit\u00e9 devient incroyablement \u00e9lev\u00e9 \u00e0 la nuit tomb\u00e9e. Tourisme de masse \u00c0 notre arriv\u00e9e \u00e0 la &#8220;Marina Rubic\u00f3n&#8221;, nous sommes heureux de pouvoir (cette fois-ci r\u00e9ellement) mettre [&hellip;]<\/p>","protected":false},"author":1,"featured_media":2057,"parent":0,"menu_order":0,"comment_status":"closed","ping_status":"closed","template":"","meta":{"inline_featured_image":false,"footnotes":""},"class_list":["post-2158","page","type-page","status-publish","has-post-thumbnail","hentry","isotope-item"],"aioseo_notices":[],"_links":{"self":[{"href":"https:\/\/jybe.fr\/en\/wp-json\/wp\/v2\/pages\/2158","targetHints":{"allow":["GET"]}}],"collection":[{"href":"https:\/\/jybe.fr\/en\/wp-json\/wp\/v2\/pages"}],"about":[{"href":"https:\/\/jybe.fr\/en\/wp-json\/wp\/v2\/types\/page"}],"author":[{"embeddable":true,"href":"https:\/\/jybe.fr\/en\/wp-json\/wp\/v2\/users\/1"}],"replies":[{"embeddable":true,"href":"https:\/\/jybe.fr\/en\/wp-json\/wp\/v2\/comments?post=2158"}],"version-history":[{"count":11,"href":"https:\/\/jybe.fr\/en\/wp-json\/wp\/v2\/pages\/2158\/revisions"}],"predecessor-version":[{"id":2704,"href":"https:\/\/jybe.fr\/en\/wp-json\/wp\/v2\/pages\/2158\/revisions\/2704"}],"wp:featuredmedia":[{"embeddable":true,"href":"https:\/\/jybe.fr\/en\/wp-json\/wp\/v2\/media\/2057"}],"wp:attachment":[{"href":"https:\/\/jybe.fr\/en\/wp-json\/wp\/v2\/media?parent=2158"}],"curies":[{"name":"wp","href":"https:\/\/api.w.org\/{rel}","templated":true}]}}