{"id":2017,"date":"2022-10-15T02:22:03","date_gmt":"2022-10-15T02:22:03","guid":{"rendered":"https:\/\/jybe.fr\/?page_id=2017"},"modified":"2023-06-01T08:24:13","modified_gmt":"2023-06-01T08:24:13","slug":"presse","status":"publish","type":"page","link":"https:\/\/jybe.fr\/en\/presse\/","title":{"rendered":"Jybe in the Press"},"content":{"rendered":"<div class=\"wp-block-columns is-layout-flex wp-container-core-columns-is-layout-9d6595d7 wp-block-columns-is-layout-flex\">\n<div class=\"wp-block-column is-layout-flow wp-block-column-is-layout-flow\">\n<h2 class=\"wp-block-heading has-medium-font-size\">TV<\/h2>\n\n\n\n<figure class=\"wp-block-embed is-type-video is-provider-youtube wp-block-embed-youtube wp-embed-aspect-16-9 wp-has-aspect-ratio\"><div class=\"wp-block-embed__wrapper\">\n<iframe loading=\"lazy\" title=\"REPORTAGE FRANCE 1 NOUVELLE-CALE\u0301DONIE \u2014 JYBE &quot;TOUR  DU MONDE DE L&#039;\u00c9CONOMIE DURABLE&quot;\" width=\"1200\" height=\"675\" src=\"https:\/\/www.youtube.com\/embed\/qprzLBie4M0?feature=oembed\" frameborder=\"0\" allow=\"accelerometer; autoplay; clipboard-write; encrypted-media; gyroscope; picture-in-picture; web-share\" allowfullscreen><\/iframe>\n<\/div><figcaption class=\"wp-element-caption\">FRANCE \u20221 \u2014 Nouvelle-Cal\u00e9donie<\/figcaption><\/figure>\n\n\n\n<figure class=\"wp-block-embed is-type-video is-provider-youtube wp-block-embed-youtube wp-embed-aspect-16-9 wp-has-aspect-ratio\"><div class=\"wp-block-embed__wrapper\">\n<iframe loading=\"lazy\" title=\"Apr\u00e8s 45 000 km en voilier, ces trois jeunes sont de retour \u00e0 La Ciotat\" width=\"1200\" height=\"675\" src=\"https:\/\/www.youtube.com\/embed\/0YV8W4kSv04?feature=oembed\" frameborder=\"0\" allow=\"accelerometer; autoplay; clipboard-write; encrypted-media; gyroscope; picture-in-picture; web-share\" allowfullscreen><\/iframe>\n<\/div><figcaption class=\"wp-element-caption\">\u00a0La Provence \u2014 La Ciotat<\/figcaption><\/figure>\n<\/div>\n\n\n\n<div class=\"wp-block-column is-layout-flow wp-block-column-is-layout-flow\">\n<h2 class=\"wp-block-heading has-medium-font-size\">Radio<\/h2>\n\n\n\n<div class=\"wp-block-columns is-layout-flex wp-container-core-columns-is-layout-9d6595d7 wp-block-columns-is-layout-flex\">\n<div class=\"wp-block-column is-layout-flow wp-block-column-is-layout-flow\">        \r\n    <div>\r\n        <div id=\"h5ap69f104a67919b\" class=\"h5ap_standard_player\" style='width:100%;margin:0 auto;max-width: 100%;'>\r\n            <audio class=\"player\" playsinline controls>\r\n                <source src=\"https:\/\/jybe.fr\/wp-content\/uploads\/2022\/10\/9e0e115c-12f7-4612-aea8-0f78d092167e.mp3\"  type=\"audio\/mp3\" \/>\r\n            <\/audio>\r\n        <\/div>\r\n    <\/div>\r\n\r\n    \n\n\n<p class=\"has-text-align-center\"><em>Silence \u00e7a Bouge \u2014  Gloria Loquet \u2014 Nouvelle-Cal\u00e9donie la Premi\u00e8re<\/em><\/p>\n<\/div>\n<\/div>\n\n\n\n<h2 class=\"wp-block-heading has-medium-font-size\">Journaux<\/h2>\n\n\n\n<div class=\"wp-block-file\"><a id=\"wp-block-file--media-fc463639-04b8-4447-9500-4c0ff95fa4aa\" href=\"https:\/\/jybe.fr\/wp-content\/uploads\/2023\/05\/La-Provence-290523-JYBE.pdf\">La-Provence-29-05-23<\/a><a href=\"https:\/\/jybe.fr\/wp-content\/uploads\/2023\/05\/La-Provence-290523-JYBE.pdf\" class=\"wp-block-file__button wp-element-button\" download aria-describedby=\"wp-block-file--media-fc463639-04b8-4447-9500-4c0ff95fa4aa\">T\u00e9l\u00e9charger<\/a><\/div>\n<\/div>\n<\/div>\n\n\n\n<h2 class=\"wp-block-heading has-medium-font-size\">Articles<\/h2>\n\n\n\n<div class=\"wp-block-columns is-layout-flex wp-container-core-columns-is-layout-9d6595d7 wp-block-columns-is-layout-flex\">\n<div class=\"wp-block-column is-layout-flow wp-block-column-is-layout-flow\">\n<figure class=\"wp-block-image size-large wp-duotone-0693e3-ffffff-1\"><img loading=\"lazy\" decoding=\"async\" width=\"1024\" height=\"1024\" src=\"https:\/\/jybe.fr\/wp-content\/uploads\/2023\/05\/laprovence-1024x1024.png\" alt=\"\" class=\"wp-image-2957\" srcset=\"https:\/\/jybe.fr\/wp-content\/uploads\/2023\/05\/laprovence-1024x1024.png 1024w, https:\/\/jybe.fr\/wp-content\/uploads\/2023\/05\/laprovence-300x300.png 300w, https:\/\/jybe.fr\/wp-content\/uploads\/2023\/05\/laprovence-150x150.png 150w, https:\/\/jybe.fr\/wp-content\/uploads\/2023\/05\/laprovence-768x768.png 768w, https:\/\/jybe.fr\/wp-content\/uploads\/2023\/05\/laprovence-12x12.png 12w, https:\/\/jybe.fr\/wp-content\/uploads\/2023\/05\/laprovence-640x640.png 640w, https:\/\/jybe.fr\/wp-content\/uploads\/2023\/05\/laprovence-960x960.png 960w, https:\/\/jybe.fr\/wp-content\/uploads\/2023\/05\/laprovence-24x24.png 24w, https:\/\/jybe.fr\/wp-content\/uploads\/2023\/05\/laprovence-48x48.png 48w, https:\/\/jybe.fr\/wp-content\/uploads\/2023\/05\/laprovence-96x96.png 96w, https:\/\/jybe.fr\/wp-content\/uploads\/2023\/05\/laprovence.png 1080w\" sizes=\"auto, (max-width: 1024px) 100vw, 1024px\" \/><figcaption class=\"wp-element-caption\">La Provence<\/figcaption><\/figure>\n\n\n\n<p class=\"has-text-align-center\"><a href=\"https:\/\/www.laprovence.com\/article\/region\/49614529690318\/la-ciotat-apres-45-000-km-en-voilier-ces-trois-voyageurs-terminent-leur-course-sur-le-port-vieux\" target=\"_blank\" rel=\"noopener\" title=\"La Ciotat : apr\u00e8s 45 000 km en voilier, ces trois voyageurs terminent leur course sur le Port-Vieux\">La Ciotat : apr\u00e8s 45 000 km en voilier, ces trois voyageurs terminent leur course sur le Port-Vieux<\/a><\/p>\n<\/div>\n\n\n\n<div class=\"wp-block-column is-layout-flow wp-block-column-is-layout-flow\">\n<figure class=\"wp-block-image size-full wp-duotone-0693e3-ffffff-2\"><img loading=\"lazy\" decoding=\"async\" width=\"1024\" height=\"1024\" src=\"https:\/\/jybe.fr\/wp-content\/uploads\/2023\/03\/voiles-voilier-jybe.png\" alt=\"\" class=\"wp-image-2890\" srcset=\"https:\/\/jybe.fr\/wp-content\/uploads\/2023\/03\/voiles-voilier-jybe.png 1024w, https:\/\/jybe.fr\/wp-content\/uploads\/2023\/03\/voiles-voilier-jybe-300x300.png 300w, https:\/\/jybe.fr\/wp-content\/uploads\/2023\/03\/voiles-voilier-jybe-150x150.png 150w, https:\/\/jybe.fr\/wp-content\/uploads\/2023\/03\/voiles-voilier-jybe-768x768.png 768w, https:\/\/jybe.fr\/wp-content\/uploads\/2023\/03\/voiles-voilier-jybe-12x12.png 12w, https:\/\/jybe.fr\/wp-content\/uploads\/2023\/03\/voiles-voilier-jybe-640x640.png 640w, https:\/\/jybe.fr\/wp-content\/uploads\/2023\/03\/voiles-voilier-jybe-960x960.png 960w, https:\/\/jybe.fr\/wp-content\/uploads\/2023\/03\/voiles-voilier-jybe-24x24.png 24w, https:\/\/jybe.fr\/wp-content\/uploads\/2023\/03\/voiles-voilier-jybe-48x48.png 48w, https:\/\/jybe.fr\/wp-content\/uploads\/2023\/03\/voiles-voilier-jybe-96x96.png 96w\" sizes=\"auto, (max-width: 1024px) 100vw, 1024px\" \/><figcaption class=\"wp-element-caption\">Voiles et voiliers<\/figcaption><\/figure>\n\n\n\n<p class=\"has-text-align-center\"><em><a href=\"https:\/\/voilesetvoiliers.ouest-france.fr\/croisiere\/grande-croisiere\/qui-veut-gagner-un-voilier-de-grande-croisiere-pour-parcourir-le-monde-bbee451a-a2d7-11ed-8428-de9553521eb9\" target=\"_blank\" rel=\"noopener\" title=\"\">Qui veut gagner un voilier de grande croisi\u00e8re pour parcourir le monde&nbsp;?<\/a><\/em><\/p>\n<\/div>\n\n\n\n<div class=\"wp-block-column is-layout-flow wp-block-column-is-layout-flow\">\n<figure class=\"wp-block-image size-full wp-duotone-0693e3-ffffff-3\"><img loading=\"lazy\" decoding=\"async\" width=\"1024\" height=\"1024\" src=\"https:\/\/jybe.fr\/wp-content\/uploads\/2023\/03\/bateau-com-jybe-light.png\" alt=\"\" class=\"wp-image-2891\" srcset=\"https:\/\/jybe.fr\/wp-content\/uploads\/2023\/03\/bateau-com-jybe-light.png 1024w, https:\/\/jybe.fr\/wp-content\/uploads\/2023\/03\/bateau-com-jybe-light-300x300.png 300w, https:\/\/jybe.fr\/wp-content\/uploads\/2023\/03\/bateau-com-jybe-light-150x150.png 150w, https:\/\/jybe.fr\/wp-content\/uploads\/2023\/03\/bateau-com-jybe-light-768x768.png 768w, https:\/\/jybe.fr\/wp-content\/uploads\/2023\/03\/bateau-com-jybe-light-12x12.png 12w, https:\/\/jybe.fr\/wp-content\/uploads\/2023\/03\/bateau-com-jybe-light-640x640.png 640w, https:\/\/jybe.fr\/wp-content\/uploads\/2023\/03\/bateau-com-jybe-light-960x960.png 960w, https:\/\/jybe.fr\/wp-content\/uploads\/2023\/03\/bateau-com-jybe-light-24x24.png 24w, https:\/\/jybe.fr\/wp-content\/uploads\/2023\/03\/bateau-com-jybe-light-48x48.png 48w, https:\/\/jybe.fr\/wp-content\/uploads\/2023\/03\/bateau-com-jybe-light-96x96.png 96w\" sizes=\"auto, (max-width: 1024px) 100vw, 1024px\" \/><figcaption class=\"wp-element-caption\">Bateaux.com<\/figcaption><\/figure>\n\n\n\n<p class=\"has-text-align-center\"><a href=\"https:\/\/www.bateaux.com\/article\/42329\/un-concours-pour-faire-remporter-un-voilier-de-grand-voyage\" target=\"_blank\" rel=\"noopener\" title=\"Un concours pour faire remporter gratuitement un voilier de grand voyage\"><em>Un concours pour faire remporter gratuitement un voilier de grand voyage<\/em><\/a><\/p>\n<\/div>\n<\/div>\n\n\n\n<div class=\"wp-block-columns is-layout-flex wp-container-core-columns-is-layout-9d6595d7 wp-block-columns-is-layout-flex\">\n<div class=\"wp-block-column is-layout-flow wp-block-column-is-layout-flow\">\n<figure class=\"wp-block-image size-full wp-duotone-0693e3-ffffff-4\"><a href=\"https:\/\/www.centrale-marseille.fr\/en\/node\/5682\" target=\"_blank\" rel=\"noreferrer noopener\"><img loading=\"lazy\" decoding=\"async\" width=\"1024\" height=\"1024\" src=\"https:\/\/jybe.fr\/wp-content\/uploads\/2022\/10\/CENTRALE-PRESSE-JYBE-1.jpg\" alt=\"\" class=\"wp-image-2023\" srcset=\"https:\/\/jybe.fr\/wp-content\/uploads\/2022\/10\/CENTRALE-PRESSE-JYBE-1.jpg 1024w, https:\/\/jybe.fr\/wp-content\/uploads\/2022\/10\/CENTRALE-PRESSE-JYBE-1-300x300.jpg 300w, https:\/\/jybe.fr\/wp-content\/uploads\/2022\/10\/CENTRALE-PRESSE-JYBE-1-150x150.jpg 150w, https:\/\/jybe.fr\/wp-content\/uploads\/2022\/10\/CENTRALE-PRESSE-JYBE-1-768x768.jpg 768w, https:\/\/jybe.fr\/wp-content\/uploads\/2022\/10\/CENTRALE-PRESSE-JYBE-1-12x12.jpg 12w, https:\/\/jybe.fr\/wp-content\/uploads\/2022\/10\/CENTRALE-PRESSE-JYBE-1-640x640.jpg 640w, https:\/\/jybe.fr\/wp-content\/uploads\/2022\/10\/CENTRALE-PRESSE-JYBE-1-960x960.jpg 960w, https:\/\/jybe.fr\/wp-content\/uploads\/2022\/10\/CENTRALE-PRESSE-JYBE-1-24x24.jpg 24w, https:\/\/jybe.fr\/wp-content\/uploads\/2022\/10\/CENTRALE-PRESSE-JYBE-1-48x48.jpg 48w, https:\/\/jybe.fr\/wp-content\/uploads\/2022\/10\/CENTRALE-PRESSE-JYBE-1-96x96.jpg 96w\" sizes=\"auto, (max-width: 1024px) 100vw, 1024px\" \/><\/a><figcaption class=\"wp-element-caption\">Centrale Marseille<\/figcaption><\/figure>\n\n\n\n<p class=\"has-text-align-center\"><em><a href=\"https:\/\/www.centrale-marseille.fr\/en\/node\/5682\" target=\"_blank\" rel=\"noopener\">Jybe (Ex &#8220;The Epicurious&#8221;), pr\u00e9pare son grand d\u00e9part<\/a><\/em><\/p>\n<\/div>\n\n\n\n<div class=\"wp-block-column is-layout-flow wp-block-column-is-layout-flow\">\n<figure class=\"wp-block-image wp-duotone-0693e3-ffffff-5\"><a href=\"https:\/\/www.icam.fr\/actualites\/toulouse\/jybe-ou-le-projet-de-3-etudiants-en-quete-dinnovations-durables\/\" target=\"_blank\" rel=\"noreferrer noopener\"><img loading=\"lazy\" decoding=\"async\" width=\"1024\" height=\"1024\" src=\"https:\/\/jybe.fr\/wp-content\/uploads\/2022\/10\/ICAM-PRESS-JYBE.jpg\" alt=\"\" class=\"wp-image-2020\" srcset=\"https:\/\/jybe.fr\/wp-content\/uploads\/2022\/10\/ICAM-PRESS-JYBE.jpg 1024w, https:\/\/jybe.fr\/wp-content\/uploads\/2022\/10\/ICAM-PRESS-JYBE-300x300.jpg 300w, https:\/\/jybe.fr\/wp-content\/uploads\/2022\/10\/ICAM-PRESS-JYBE-150x150.jpg 150w, https:\/\/jybe.fr\/wp-content\/uploads\/2022\/10\/ICAM-PRESS-JYBE-768x768.jpg 768w, https:\/\/jybe.fr\/wp-content\/uploads\/2022\/10\/ICAM-PRESS-JYBE-12x12.jpg 12w, https:\/\/jybe.fr\/wp-content\/uploads\/2022\/10\/ICAM-PRESS-JYBE-640x640.jpg 640w, https:\/\/jybe.fr\/wp-content\/uploads\/2022\/10\/ICAM-PRESS-JYBE-960x960.jpg 960w, https:\/\/jybe.fr\/wp-content\/uploads\/2022\/10\/ICAM-PRESS-JYBE-24x24.jpg 24w, https:\/\/jybe.fr\/wp-content\/uploads\/2022\/10\/ICAM-PRESS-JYBE-48x48.jpg 48w, https:\/\/jybe.fr\/wp-content\/uploads\/2022\/10\/ICAM-PRESS-JYBE-96x96.jpg 96w\" sizes=\"auto, (max-width: 1024px) 100vw, 1024px\" \/><\/a><figcaption class=\"wp-element-caption\">ICAM Toulouse<\/figcaption><\/figure>\n\n\n\n<p class=\"has-text-align-center\"><a href=\"https:\/\/www.icam.fr\/actualites\/toulouse\/jybe-nous-invite-a-participer-a-leur-aventure\/\" target=\"_blank\" rel=\"noopener\" title=\"Jybe nous invite \u00e0 participer \u00e0 l'aventure\"><em>Jybe<\/em> <em>nous invite \u00e0 participer \u00e0 l&#8217;aventure<\/em><\/a><\/p>\n<\/div>\n\n\n\n<div class=\"wp-block-column is-layout-flow wp-block-column-is-layout-flow\">\n<figure class=\"wp-block-image wp-duotone-0693e3-ffffff-6\"><a href=\"https:\/\/entrepreneurspourlaplanete.org\/projets\/region-sud\/the-epicurious\/\" target=\"_blank\" rel=\"noreferrer noopener\"><img loading=\"lazy\" decoding=\"async\" width=\"1024\" height=\"1024\" src=\"https:\/\/jybe.fr\/wp-content\/uploads\/2022\/10\/EPLP-PRESSE-JYBE.jpg\" alt=\"\" class=\"wp-image-2021\" srcset=\"https:\/\/jybe.fr\/wp-content\/uploads\/2022\/10\/EPLP-PRESSE-JYBE.jpg 1024w, https:\/\/jybe.fr\/wp-content\/uploads\/2022\/10\/EPLP-PRESSE-JYBE-300x300.jpg 300w, https:\/\/jybe.fr\/wp-content\/uploads\/2022\/10\/EPLP-PRESSE-JYBE-150x150.jpg 150w, https:\/\/jybe.fr\/wp-content\/uploads\/2022\/10\/EPLP-PRESSE-JYBE-768x768.jpg 768w, https:\/\/jybe.fr\/wp-content\/uploads\/2022\/10\/EPLP-PRESSE-JYBE-12x12.jpg 12w, https:\/\/jybe.fr\/wp-content\/uploads\/2022\/10\/EPLP-PRESSE-JYBE-640x640.jpg 640w, https:\/\/jybe.fr\/wp-content\/uploads\/2022\/10\/EPLP-PRESSE-JYBE-960x960.jpg 960w, https:\/\/jybe.fr\/wp-content\/uploads\/2022\/10\/EPLP-PRESSE-JYBE-24x24.jpg 24w, https:\/\/jybe.fr\/wp-content\/uploads\/2022\/10\/EPLP-PRESSE-JYBE-48x48.jpg 48w, https:\/\/jybe.fr\/wp-content\/uploads\/2022\/10\/EPLP-PRESSE-JYBE-96x96.jpg 96w\" sizes=\"auto, (max-width: 1024px) 100vw, 1024px\" \/><\/a><figcaption class=\"wp-element-caption\">Entrepreneurs pour la Plan\u00e8te<\/figcaption><\/figure>\n\n\n\n<p class=\"has-text-align-center\"><em><a href=\"https:\/\/entrepreneurspourlaplanete.org\/projets\/region-sud\/the-epicurious\/\" target=\"_blank\" rel=\"noopener\">Entrepreneurs pour la Plan\u00e8te \u2014 Jybe<\/a><\/em><\/p>\n<\/div>\n<\/div>\n\n\n\n<h2 class=\"wp-block-heading has-medium-font-size\">Dernier communiqu\u00e9 de presse<\/h2>\n\n\n<div class=\"_df_book df-lite\" id=\"df_2792\"  data-title=\"dernier-cp\" _slug=\"dernier-cp\" wpoptions=\"true\" thumbtype=\"bg\" ><p class=\"df-raw-loading\">Please wait while flipbook is loading. For more related info, FAQs and issues please refer to <a href=\"https:\/\/wordpress.org\/plugins\/3d-flipbook-dflip-lite\/#installation\">DearFlip WordPress Flipbook Plugin Help<\/a> documentation.<\/p><\/div><script class=\"df-shortcode-script\" type=\"application\/javascript\">window.option_df_2792 = {\"outline\":[],\"forceFit\":\"true\",\"autoEnableOutline\":\"false\",\"autoEnableThumbnail\":\"false\",\"overwritePDFOutline\":\"false\",\"direction\":\"1\",\"pageSize\":\"0\",\"source\":\"https:\\\/\\\/jybe.fr\\\/wp-content\\\/uploads\\\/2022\\\/12\\\/CP-JYBE-Remportez-voilier-12_12_22.pdf\",\"wpOptions\":\"true\"}; if(window.DFLIP && window.DFLIP.parseBooks){window.DFLIP.parseBooks();}<\/script>\n\n\n\n<div style=\"height:30px\" aria-hidden=\"true\" class=\"wp-block-spacer\"><\/div>\n\n\n\n<div class=\"wp-block-button\" style=\"text-align: center;\"><a class=\"wp-block-button__link\" href=\"https:\/\/jybe.fr\/wp-content\/uploads\/2022\/12\/CP-JYBE-Remportez-voilier-12_12_22.pdf\" download=\"\">T\u00c9L\u00c9CHARGER LE COMMUNIQU\u00c9 DE PRESSE<\/a><\/div>","protected":false},"excerpt":{"rendered":"<p>TV Radio Silence \u00e7a Bouge \u2014 Gloria Loquet \u2014 Nouvelle-Cal\u00e9donie la Premi\u00e8re Journaux Articles La Ciotat : apr\u00e8s 45 000 km en voilier, ces trois voyageurs terminent leur course sur le Port-Vieux Qui veut gagner un voilier de grande croisi\u00e8re pour parcourir le monde&nbsp;? Un concours pour faire remporter gratuitement un voilier de grand voyage [&hellip;]<\/p>","protected":false},"author":1,"featured_media":2026,"parent":0,"menu_order":0,"comment_status":"closed","ping_status":"closed","template":"","meta":{"inline_featured_image":false,"footnotes":""},"class_list":["post-2017","page","type-page","status-publish","has-post-thumbnail","hentry","isotope-item"],"aioseo_notices":[],"_links":{"self":[{"href":"https:\/\/jybe.fr\/en\/wp-json\/wp\/v2\/pages\/2017","targetHints":{"allow":["GET"]}}],"collection":[{"href":"https:\/\/jybe.fr\/en\/wp-json\/wp\/v2\/pages"}],"about":[{"href":"https:\/\/jybe.fr\/en\/wp-json\/wp\/v2\/types\/page"}],"author":[{"embeddable":true,"href":"https:\/\/jybe.fr\/en\/wp-json\/wp\/v2\/users\/1"}],"replies":[{"embeddable":true,"href":"https:\/\/jybe.fr\/en\/wp-json\/wp\/v2\/comments?post=2017"}],"version-history":[{"count":13,"href":"https:\/\/jybe.fr\/en\/wp-json\/wp\/v2\/pages\/2017\/revisions"}],"predecessor-version":[{"id":2962,"href":"https:\/\/jybe.fr\/en\/wp-json\/wp\/v2\/pages\/2017\/revisions\/2962"}],"wp:featuredmedia":[{"embeddable":true,"href":"https:\/\/jybe.fr\/en\/wp-json\/wp\/v2\/media\/2026"}],"wp:attachment":[{"href":"https:\/\/jybe.fr\/en\/wp-json\/wp\/v2\/media?parent=2017"}],"curies":[{"name":"wp","href":"https:\/\/api.w.org\/{rel}","templated":true}]}}