{"id":1684,"date":"2022-03-26T19:00:37","date_gmt":"2022-03-26T19:00:37","guid":{"rendered":"https:\/\/jybe.fr\/?page_id=1684"},"modified":"2022-04-08T23:58:50","modified_gmt":"2022-04-08T23:58:50","slug":"agriculture-en-martinique-enjeux-et-perspectives","status":"publish","type":"page","link":"https:\/\/jybe.fr\/en\/agriculture-en-martinique-enjeux-et-perspectives\/","title":{"rendered":"Agriculture in Martinique: Challenges and Perspectives"},"content":{"rendered":"<h3 class=\"wp-block-heading\" style=\"font-size:18px\">D\u00e9couvrez la synth\u00e8se de nos travaux de recherche<\/h3>\n\n\n\n<p>D\u00e9couvrir des initiatives inspirantes tout au long de notre parcours, essaimer les plus prometteuses sont des objectifs essentiels de notre voyage autour du monde. Chez Jybe, inspirer se conjugue sous de multiples formes : \u00e9mettre moins de gaz \u00e0 effet de serre (GES), r\u00e9duire la consommation de ressources naturelles, \u00eatre plus respectueux de la biodiversit\u00e9 ou encore plus solidaires.<\/p>\n\n\n\n<p>Conscients que nous devions focaliser notre regard sur une fraction des initiatives qui se d\u00e9veloppent dans tous les pans de notre soci\u00e9t\u00e9, il semblait pertinent d\u2019approfondir en premier lieu celles mises en \u0153uvre par les agriculteurs.<br>Parce que leur activit\u00e9 est indispensable \u00e0 chacun de nous. Parce qu\u2019ils travaillent le vivant et sont au contact quotidien de la Nature.<\/p>\n\n\n\n<p>Ils sont ainsi aux premi\u00e8res loges pour assister \u00e0 certains bouleversements en cours : modification du cycle de l\u2019eau, acc\u00e9l\u00e9ration et intensification des al\u00e9as climatiques, effondrement de la biodiversit\u00e9. Ces contraintes viennent s\u2019ajouter \u00e0 d\u2019autres plus anciennes : activit\u00e9 tr\u00e8s capitalistique et peu r\u00e9mun\u00e9ratrice, \u00e9loignement physique et relationnel entre producteurs et consommateurs, concurrence internationale.<\/p>\n\n\n\n<p><strong>Les agriculteurs doivent aujourd\u2019hui produire plus<\/strong><strong>, mieux et avec moins de ressources. Ils sont <\/strong><strong>au c\u0153ur des d\u00e9fis majeurs de notre si\u00e8cle, d\u00e9fis d\u2019autant plus pr\u00e9gnants sur une \u00eele d\u2019Outre-mer <\/strong><strong>comme la Martinique.<\/strong><\/p>\n\n\n\n<div style=\"height:30px\" aria-hidden=\"true\" class=\"wp-block-spacer\"><\/div>\n\n\n\n<div class=\"wp-block-columns is-layout-flex wp-container-core-columns-is-layout-9d6595d7 wp-block-columns-is-layout-flex\">\n<div class=\"wp-block-column is-layout-flow wp-block-column-is-layout-flow\">\n<div class=\"_df_book df-lite\" id=\"df_1682\"  data-title=\"rapport-jybe-martinique-agriculture\" _slug=\"rapport-jybe-martinique-agriculture\" wpoptions=\"true\" thumbtype=\"bg\" ><p class=\"df-raw-loading\">Please wait while flipbook is loading. For more related info, FAQs and issues please refer to <a href=\"https:\/\/wordpress.org\/plugins\/3d-flipbook-dflip-lite\/#installation\">DearFlip WordPress Flipbook Plugin Help<\/a> documentation.<\/p><\/div><script class=\"df-shortcode-script\" type=\"application\/javascript\">window.option_df_1682 = {\"outline\":[],\"forceFit\":\"true\",\"autoEnableOutline\":\"false\",\"autoEnableThumbnail\":\"false\",\"overwritePDFOutline\":\"false\",\"direction\":\"1\",\"pageSize\":\"0\",\"source\":\"https:\\\/\\\/jybe.fr\\\/wp-content\\\/uploads\\\/2022\\\/03\\\/RAPPORT-JYBE-MARTINIQUE-AGRICULTURE.pdf\",\"wpOptions\":\"true\"}; if(window.DFLIP && window.DFLIP.parseBooks){window.DFLIP.parseBooks();}<\/script>\n<\/div>\n<\/div>\n\n\n\n<div class=\"wp-block-button\" style=\"text-align: center;\"><a class=\"wp-block-button__link\"  href=\"https:\/\/jybe.fr\/wp-content\/uploads\/2022\/03\/RAPPORT-JYBE-MARTINIQUE-AGRICULTURE.pdf\" download>T\u00c9L\u00c9CHARGER LE RAPPORT<\/a><\/div>\n\n\n\n<div style=\"height:30px\" aria-hidden=\"true\" class=\"wp-block-spacer\"><\/div>\n\n\n\n<div class=\"wp-block-image\"><figure class=\"aligncenter size-large\"><img loading=\"lazy\" decoding=\"async\" width=\"1024\" height=\"724\" src=\"https:\/\/jybe.fr\/wp-content\/uploads\/2022\/04\/Infographie-Globale-1024x724.png\" alt=\"\" class=\"wp-image-1764\" srcset=\"https:\/\/jybe.fr\/wp-content\/uploads\/2022\/04\/Infographie-Globale-1024x724.png 1024w, https:\/\/jybe.fr\/wp-content\/uploads\/2022\/04\/Infographie-Globale-300x212.png 300w, https:\/\/jybe.fr\/wp-content\/uploads\/2022\/04\/Infographie-Globale-768x543.png 768w, https:\/\/jybe.fr\/wp-content\/uploads\/2022\/04\/Infographie-Globale-1536x1086.png 1536w, https:\/\/jybe.fr\/wp-content\/uploads\/2022\/04\/Infographie-Globale-2048x1448.png 2048w, https:\/\/jybe.fr\/wp-content\/uploads\/2022\/04\/Infographie-Globale-18x12.png 18w, https:\/\/jybe.fr\/wp-content\/uploads\/2022\/04\/Infographie-Globale-640x453.png 640w, https:\/\/jybe.fr\/wp-content\/uploads\/2022\/04\/Infographie-Globale-960x679.png 960w, https:\/\/jybe.fr\/wp-content\/uploads\/2022\/04\/Infographie-Globale-1280x905.png 1280w, https:\/\/jybe.fr\/wp-content\/uploads\/2022\/04\/Infographie-Globale-1680x1188.png 1680w\" sizes=\"auto, (max-width: 1024px) 100vw, 1024px\" \/><\/figure><\/div>","protected":false},"excerpt":{"rendered":"<p>D\u00e9couvrez la synth\u00e8se de nos travaux de recherche D\u00e9couvrir des initiatives inspirantes tout au long de notre parcours, essaimer les plus prometteuses sont des objectifs essentiels de notre voyage autour du monde. Chez Jybe, inspirer se conjugue sous de multiples formes : \u00e9mettre moins de gaz \u00e0 effet de serre (GES), r\u00e9duire la consommation de [&hellip;]<\/p>","protected":false},"author":1,"featured_media":0,"parent":0,"menu_order":0,"comment_status":"closed","ping_status":"closed","template":"","meta":{"inline_featured_image":false,"footnotes":""},"class_list":["post-1684","page","type-page","status-publish","hentry","isotope-item"],"aioseo_notices":[],"_links":{"self":[{"href":"https:\/\/jybe.fr\/en\/wp-json\/wp\/v2\/pages\/1684","targetHints":{"allow":["GET"]}}],"collection":[{"href":"https:\/\/jybe.fr\/en\/wp-json\/wp\/v2\/pages"}],"about":[{"href":"https:\/\/jybe.fr\/en\/wp-json\/wp\/v2\/types\/page"}],"author":[{"embeddable":true,"href":"https:\/\/jybe.fr\/en\/wp-json\/wp\/v2\/users\/1"}],"replies":[{"embeddable":true,"href":"https:\/\/jybe.fr\/en\/wp-json\/wp\/v2\/comments?post=1684"}],"version-history":[{"count":20,"href":"https:\/\/jybe.fr\/en\/wp-json\/wp\/v2\/pages\/1684\/revisions"}],"predecessor-version":[{"id":1766,"href":"https:\/\/jybe.fr\/en\/wp-json\/wp\/v2\/pages\/1684\/revisions\/1766"}],"wp:attachment":[{"href":"https:\/\/jybe.fr\/en\/wp-json\/wp\/v2\/media?parent=1684"}],"curies":[{"name":"wp","href":"https:\/\/api.w.org\/{rel}","templated":true}]}}